{"id":7392,"date":"2025-08-26T10:52:30","date_gmt":"2025-08-26T14:52:30","guid":{"rendered":"https:\/\/pourvoiriejodoin.com\/terminos-y-condiciones\/"},"modified":"2025-09-25T04:59:44","modified_gmt":"2025-09-25T08:59:44","slug":"terminos-y-condiciones","status":"publish","type":"page","link":"https:\/\/pourvoiriejodoin.com\/es\/terminos-y-condiciones\/","title":{"rendered":"T\u00e9rminos y condiciones"},"content":{"rendered":"\t\t<div data-elementor-type=\"wp-page\" data-elementor-id=\"7392\" class=\"elementor elementor-7392 elementor-5979\" data-elementor-post-type=\"page\">\n\t\t\t\t<div class=\"elementor-element elementor-element-1f320ec elementor-section e-flex e-con-boxed e-con e-parent\" data-id=\"1f320ec\" data-element_type=\"container\" data-e-type=\"container\">\n\t\t\t\t\t<div class=\"e-con-inner\">\n\t\t<div class=\"elementor-element elementor-element-2d2a64b e-con-full e-flex e-con e-child\" data-id=\"2d2a64b\" data-element_type=\"container\" data-e-type=\"container\" data-settings=\"{&quot;background_background&quot;:&quot;classic&quot;}\">\n\t\t<div class=\"elementor-element elementor-element-9e04baa e-con-full e-flex e-con e-child\" data-id=\"9e04baa\" data-element_type=\"container\" data-e-type=\"container\">\n\t\t\t\t<div class=\"elementor-element elementor-element-83c94f6 elementor-widget__width-initial elementor-widget elementor-widget-heading\" data-id=\"83c94f6\" data-element_type=\"widget\" data-e-type=\"widget\" data-widget_type=\"heading.default\">\n\t\t\t\t\t<h2 class=\"elementor-heading-title elementor-size-default\">T\u00e9rminos y condiciones\n<\/h2>\t\t\t\t<\/div>\n\t\t\t\t<div class=\"elementor-element elementor-element-43c735d elementor-widget__width-initial elementor-widget elementor-widget-text-editor\" data-id=\"43c735d\" data-element_type=\"widget\" data-e-type=\"widget\" data-widget_type=\"text-editor.default\">\n\t\t\t\t\t\t\t\t\t<p><strong>Confirmaci\u00f3n de reserva y dep\u00f3sito<\/strong><\/p><p>La reserva se considera confirmada al recibir un dep\u00f3sito del 25% del importe total. El resto se abonar\u00e1 a la llegada. <\/p><p><strong>M\u00e9todos de pago<\/strong><\/p><p>Los pagos pueden realizarse mediante transferencia bancaria, tarjeta de cr\u00e9dito o cualquier otro m\u00e9todo de pago especificado al realizar la reserva. Todos los pagos deben realizarse seg\u00fan las instrucciones del establecimiento. <\/p><p><strong>Pol\u00edtica de cancelaci\u00f3n y reembolso<\/strong><\/p><p>&#8211; Cualquier cancelaci\u00f3n realizada con m\u00e1s de sesenta (60) d\u00edas de antelaci\u00f3n a la fecha de llegada prevista da derecho al reembolso total de las cantidades abonadas.<\/p><p><strong>Modificaciones y cambios<\/strong><\/p><p>Las solicitudes de cambio de reserva est\u00e1n sujetas a disponibilidad y pueden generar cargos adicionales.<\/p><p><strong>Pago tard\u00edo e impago<\/strong><\/p><p>La falta de pago del saldo pendiente en la fecha de vencimiento indicada puede resultar en la cancelaci\u00f3n de la reserva sin previo aviso y la p\u00e9rdida de cualquier dep\u00f3sito pagado.<\/p><p><strong>Cargos adicionales<\/strong><\/p><p>Cualquier cargo incidental, da\u00f1o o costo incurrido durante la estad\u00eda, incluida ropa de cama adicional, salidas tard\u00edas o da\u00f1os, se pagar\u00e1n a la salida o seg\u00fan lo acordado de otro modo.<\/p>\t\t\t\t\t\t\t\t<\/div>\n\t\t\t\t<\/div>\n\t\t<div class=\"elementor-element elementor-element-bdbb98d e-con-full e-flex e-con e-child\" data-id=\"bdbb98d\" data-element_type=\"container\" data-e-type=\"container\">\n\t\t\t\t<div class=\"elementor-element elementor-element-8750008 elementor-widget__width-initial elementor-widget elementor-widget-heading\" data-id=\"8750008\" data-element_type=\"widget\" data-e-type=\"widget\" data-widget_type=\"heading.default\">\n\t\t\t\t\t<h2 class=\"elementor-heading-title elementor-size-default\">pol\u00edtica de privacidad\n<\/h2>\t\t\t\t<\/div>\n\t\t\t\t<div class=\"elementor-element elementor-element-372c681 elementor-widget__width-initial elementor-widget elementor-widget-text-editor\" data-id=\"372c681\" data-element_type=\"widget\" data-e-type=\"widget\" data-widget_type=\"text-editor.default\">\n\t\t\t\t\t\t\t\t\t<p>Respetamos su privacidad y nos comprometemos a proteger su informaci\u00f3n personal al realizar el pago de la reserva de su chalet. Esta pol\u00edtica de privacidad explica c\u00f3mo recopilamos, usamos y protegemos sus datos durante el proceso de pago. <\/p><p><strong>Recopilaci\u00f3n de datos<\/strong><\/p><p>Cuando realiza un pago, podemos recopilar la siguiente informaci\u00f3n:<\/p><p>&#8211; Datos personales: nombre, direcci\u00f3n, correo electr\u00f3nico y n\u00famero de tel\u00e9fono<\/p><p>&#8211; Informaci\u00f3n de pago: n\u00famero de tarjeta de cr\u00e9dito\/d\u00e9bito, fecha de vencimiento, c\u00f3digo de seguridad y direcci\u00f3n de facturaci\u00f3n<\/p><p>&#8211; Informaci\u00f3n de la transacci\u00f3n: fecha, importe y m\u00e9todo de pago<\/p><p><strong>Uso de datos<\/strong><\/p><p>Su informaci\u00f3n solo se utiliza para procesar su pago, confirmar su reserva y gestionar su estancia. Tambi\u00e9n podemos utilizar su informaci\u00f3n de contacto para enviarle confirmaciones o actualizaciones sobre su reserva. <\/p><p><strong>Seguridad de datos<\/strong><\/p><p>Implementamos medidas t\u00e9cnicas y organizativas adecuadas para proteger sus datos personales del acceso, la divulgaci\u00f3n, la alteraci\u00f3n o la destrucci\u00f3n no autorizados. Todas las transacciones de pago se protegen mediante pasarelas de pago cifradas est\u00e1ndar del sector. <\/p><p><strong>Intercambio de datos<\/strong><\/p><p>Su informaci\u00f3n de pago es procesada por proveedores de pago externos seguros. No almacenamos toda su informaci\u00f3n de pago en nuestros servidores. Sus datos podr\u00edan compartirse con estos terceros de confianza \u00fanicamente para completar su transacci\u00f3n y cumplir con las obligaciones legales.  <\/p><p><br><strong>Retenci\u00f3n de datos<\/strong><\/p><p>Conservamos sus datos personales \u00fanicamente durante el tiempo necesario para cumplir con los fines descritos en esta Pol\u00edtica de Privacidad o seg\u00fan lo exija la ley. La informaci\u00f3n de pago se elimina de forma segura o se anonimiza en cuanto deja de ser necesaria. <\/p><p><strong>Sus derechos<\/strong><\/p><p>Tiene derecho a acceder, rectificar o solicitar la eliminaci\u00f3n de sus datos personales. Para ejercer estos derechos o si tiene alguna pregunta sobre nuestras pr\u00e1cticas de privacidad, cont\u00e1ctenos en [Insertar datos de contacto]. <\/p><p><strong>Cambios a esta Pol\u00edtica de Privacidad<\/strong><\/p><p>Nos reservamos el derecho de actualizar esta Pol\u00edtica de Privacidad en cualquier momento. Los cambios se publicar\u00e1n en nuestro sitio web con la fecha de entrada en vigor actualizada. <\/p><p><strong>Cont\u00e1ctanos<\/strong><\/p><p>Para cualquier pregunta sobre nuestras pr\u00e1cticas de privacidad, cont\u00e1ctenos en <a href=\"mailto:info@pourvoiriejodoin.com\">info@pourvoiriejodoin.com<\/a><\/p>\t\t\t\t\t\t\t\t<\/div>\n\t\t\t\t<\/div>\n\t\t\t\t<\/div>\n\t\t<div class=\"elementor-element elementor-element-aad422d e-con-full e-flex e-con e-child\" data-id=\"aad422d\" data-element_type=\"container\" data-e-type=\"container\" data-settings=\"{&quot;background_background&quot;:&quot;classic&quot;}\">\n\t\t\t\t<\/div>\n\t\t\t\t\t<\/div>\n\t\t\t\t<\/div>\n\t\t\t\t<\/div>\n\t\t","protected":false},"excerpt":{"rendered":"<p>T\u00e9rminos y condiciones Confirmaci\u00f3n de reserva y dep\u00f3sito La reserva se considera confirmada al recibir un dep\u00f3sito del 25% del importe total. El resto se abonar\u00e1 a la llegada. M\u00e9todos de pago Los pagos pueden realizarse mediante transferencia bancaria, tarjeta de cr\u00e9dito o cualquier otro m\u00e9todo de pago especificado al realizar la reserva. Todos los [&hellip;]<\/p>\n","protected":false},"author":8,"featured_media":0,"parent":0,"menu_order":0,"comment_status":"closed","ping_status":"closed","template":"","meta":{"_acf_changed":false,"footnotes":""},"class_list":["post-7392","page","type-page","status-publish","hentry"],"acf":[],"yoast_head":"<!-- This site is optimized with the Yoast SEO Premium plugin v25.4 (Yoast SEO v27.3) - https:\/\/yoast.com\/product\/yoast-seo-premium-wordpress\/ -->\n<title>T\u00e9rminos y condiciones - Pourvoirie Jodoin<\/title>\n<meta name=\"robots\" content=\"index, follow, max-snippet:-1, max-image-preview:large, max-video-preview:-1\" \/>\n<link rel=\"canonical\" href=\"https:\/\/pourvoiriejodoin.com\/es\/terminos-y-condiciones\/\" \/>\n<meta property=\"og:locale\" content=\"es_ES\" \/>\n<meta property=\"og:type\" content=\"article\" \/>\n<meta property=\"og:title\" content=\"T\u00e9rminos y condiciones\" \/>\n<meta property=\"og:description\" content=\"T\u00e9rminos y condiciones Confirmaci\u00f3n de reserva y dep\u00f3sito La reserva se considera confirmada al recibir un dep\u00f3sito del 25% del importe total. El resto se abonar\u00e1 a la llegada. M\u00e9todos de pago Los pagos pueden realizarse mediante transferencia bancaria, tarjeta de cr\u00e9dito o cualquier otro m\u00e9todo de pago especificado al realizar la reserva. Todos los [&hellip;]\" \/>\n<meta property=\"og:url\" content=\"https:\/\/pourvoiriejodoin.com\/es\/terminos-y-condiciones\/\" \/>\n<meta property=\"og:site_name\" content=\"Pourvoirie Jodoin\" \/>\n<meta property=\"article:publisher\" content=\"https:\/\/www.facebook.com\/Pourvoiriejodoin\/\" \/>\n<meta property=\"article:modified_time\" content=\"2025-09-25T08:59:44+00:00\" \/>\n<meta name=\"twitter:card\" content=\"summary_large_image\" \/>\n<meta name=\"twitter:label1\" content=\"Tiempo de lectura\" \/>\n\t<meta name=\"twitter:data1\" content=\"3 minutos\" \/>\n<script type=\"application\/ld+json\" class=\"yoast-schema-graph\">{\"@context\":\"https:\\\/\\\/schema.org\",\"@graph\":[{\"@type\":\"WebPage\",\"@id\":\"https:\\\/\\\/pourvoiriejodoin.com\\\/es\\\/terminos-y-condiciones\\\/\",\"url\":\"https:\\\/\\\/pourvoiriejodoin.com\\\/es\\\/terminos-y-condiciones\\\/\",\"name\":\"T\u00e9rminos y condiciones - Pourvoirie Jodoin\",\"isPartOf\":{\"@id\":\"https:\\\/\\\/pourvoiriejodoin.com\\\/es\\\/#website\"},\"datePublished\":\"2025-08-26T14:52:30+00:00\",\"dateModified\":\"2025-09-25T08:59:44+00:00\",\"breadcrumb\":{\"@id\":\"https:\\\/\\\/pourvoiriejodoin.com\\\/es\\\/terminos-y-condiciones\\\/#breadcrumb\"},\"inLanguage\":\"es\",\"potentialAction\":[{\"@type\":\"ReadAction\",\"target\":[\"https:\\\/\\\/pourvoiriejodoin.com\\\/es\\\/terminos-y-condiciones\\\/\"]}]},{\"@type\":\"BreadcrumbList\",\"@id\":\"https:\\\/\\\/pourvoiriejodoin.com\\\/es\\\/terminos-y-condiciones\\\/#breadcrumb\",\"itemListElement\":[{\"@type\":\"ListItem\",\"position\":1,\"name\":\"Home\",\"item\":\"https:\\\/\\\/pourvoiriejodoin.com\\\/es\\\/?lang=es\"},{\"@type\":\"ListItem\",\"position\":2,\"name\":\"T\u00e9rminos y condiciones\"}]},{\"@type\":\"WebSite\",\"@id\":\"https:\\\/\\\/pourvoiriejodoin.com\\\/es\\\/#website\",\"url\":\"https:\\\/\\\/pourvoiriejodoin.com\\\/es\\\/\",\"name\":\"Pourvoirie Jodoin\",\"description\":\"\",\"publisher\":{\"@id\":\"https:\\\/\\\/pourvoiriejodoin.com\\\/es\\\/#organization\"},\"potentialAction\":[{\"@type\":\"SearchAction\",\"target\":{\"@type\":\"EntryPoint\",\"urlTemplate\":\"https:\\\/\\\/pourvoiriejodoin.com\\\/es\\\/?s={search_term_string}\"},\"query-input\":{\"@type\":\"PropertyValueSpecification\",\"valueRequired\":true,\"valueName\":\"search_term_string\"}}],\"inLanguage\":\"es\"},{\"@type\":\"Organization\",\"@id\":\"https:\\\/\\\/pourvoiriejodoin.com\\\/es\\\/#organization\",\"name\":\"Pourvoirie Jodoin\",\"url\":\"https:\\\/\\\/pourvoiriejodoin.com\\\/es\\\/\",\"logo\":{\"@type\":\"ImageObject\",\"inLanguage\":\"es\",\"@id\":\"https:\\\/\\\/pourvoiriejodoin.com\\\/es\\\/#\\\/schema\\\/logo\\\/image\\\/\",\"url\":\"https:\\\/\\\/pourvoiriejodoin.com\\\/wp-content\\\/uploads\\\/2025\\\/07\\\/imgi_7_logo_jodoin_footer.png\",\"contentUrl\":\"https:\\\/\\\/pourvoiriejodoin.com\\\/wp-content\\\/uploads\\\/2025\\\/07\\\/imgi_7_logo_jodoin_footer.png\",\"width\":207,\"height\":200,\"caption\":\"Pourvoirie Jodoin\"},\"image\":{\"@id\":\"https:\\\/\\\/pourvoiriejodoin.com\\\/es\\\/#\\\/schema\\\/logo\\\/image\\\/\"},\"sameAs\":[\"https:\\\/\\\/www.facebook.com\\\/Pourvoiriejodoin\\\/\"]}]}<\/script>\n<!-- \/ Yoast SEO Premium plugin. -->","yoast_head_json":{"title":"T\u00e9rminos y condiciones - Pourvoirie Jodoin","robots":{"index":"index","follow":"follow","max-snippet":"max-snippet:-1","max-image-preview":"max-image-preview:large","max-video-preview":"max-video-preview:-1"},"canonical":"https:\/\/pourvoiriejodoin.com\/es\/terminos-y-condiciones\/","og_locale":"es_ES","og_type":"article","og_title":"T\u00e9rminos y condiciones","og_description":"T\u00e9rminos y condiciones Confirmaci\u00f3n de reserva y dep\u00f3sito La reserva se considera confirmada al recibir un dep\u00f3sito del 25% del importe total. El resto se abonar\u00e1 a la llegada. M\u00e9todos de pago Los pagos pueden realizarse mediante transferencia bancaria, tarjeta de cr\u00e9dito o cualquier otro m\u00e9todo de pago especificado al realizar la reserva. Todos los [&hellip;]","og_url":"https:\/\/pourvoiriejodoin.com\/es\/terminos-y-condiciones\/","og_site_name":"Pourvoirie Jodoin","article_publisher":"https:\/\/www.facebook.com\/Pourvoiriejodoin\/","article_modified_time":"2025-09-25T08:59:44+00:00","twitter_card":"summary_large_image","twitter_misc":{"Tiempo de lectura":"3 minutos"},"schema":{"@context":"https:\/\/schema.org","@graph":[{"@type":"WebPage","@id":"https:\/\/pourvoiriejodoin.com\/es\/terminos-y-condiciones\/","url":"https:\/\/pourvoiriejodoin.com\/es\/terminos-y-condiciones\/","name":"T\u00e9rminos y condiciones - Pourvoirie Jodoin","isPartOf":{"@id":"https:\/\/pourvoiriejodoin.com\/es\/#website"},"datePublished":"2025-08-26T14:52:30+00:00","dateModified":"2025-09-25T08:59:44+00:00","breadcrumb":{"@id":"https:\/\/pourvoiriejodoin.com\/es\/terminos-y-condiciones\/#breadcrumb"},"inLanguage":"es","potentialAction":[{"@type":"ReadAction","target":["https:\/\/pourvoiriejodoin.com\/es\/terminos-y-condiciones\/"]}]},{"@type":"BreadcrumbList","@id":"https:\/\/pourvoiriejodoin.com\/es\/terminos-y-condiciones\/#breadcrumb","itemListElement":[{"@type":"ListItem","position":1,"name":"Home","item":"https:\/\/pourvoiriejodoin.com\/es\/?lang=es"},{"@type":"ListItem","position":2,"name":"T\u00e9rminos y condiciones"}]},{"@type":"WebSite","@id":"https:\/\/pourvoiriejodoin.com\/es\/#website","url":"https:\/\/pourvoiriejodoin.com\/es\/","name":"Pourvoirie Jodoin","description":"","publisher":{"@id":"https:\/\/pourvoiriejodoin.com\/es\/#organization"},"potentialAction":[{"@type":"SearchAction","target":{"@type":"EntryPoint","urlTemplate":"https:\/\/pourvoiriejodoin.com\/es\/?s={search_term_string}"},"query-input":{"@type":"PropertyValueSpecification","valueRequired":true,"valueName":"search_term_string"}}],"inLanguage":"es"},{"@type":"Organization","@id":"https:\/\/pourvoiriejodoin.com\/es\/#organization","name":"Pourvoirie Jodoin","url":"https:\/\/pourvoiriejodoin.com\/es\/","logo":{"@type":"ImageObject","inLanguage":"es","@id":"https:\/\/pourvoiriejodoin.com\/es\/#\/schema\/logo\/image\/","url":"https:\/\/pourvoiriejodoin.com\/wp-content\/uploads\/2025\/07\/imgi_7_logo_jodoin_footer.png","contentUrl":"https:\/\/pourvoiriejodoin.com\/wp-content\/uploads\/2025\/07\/imgi_7_logo_jodoin_footer.png","width":207,"height":200,"caption":"Pourvoirie Jodoin"},"image":{"@id":"https:\/\/pourvoiriejodoin.com\/es\/#\/schema\/logo\/image\/"},"sameAs":["https:\/\/www.facebook.com\/Pourvoiriejodoin\/"]}]}},"_links":{"self":[{"href":"https:\/\/pourvoiriejodoin.com\/es\/wp-json\/wp\/v2\/pages\/7392","targetHints":{"allow":["GET"]}}],"collection":[{"href":"https:\/\/pourvoiriejodoin.com\/es\/wp-json\/wp\/v2\/pages"}],"about":[{"href":"https:\/\/pourvoiriejodoin.com\/es\/wp-json\/wp\/v2\/types\/page"}],"author":[{"embeddable":true,"href":"https:\/\/pourvoiriejodoin.com\/es\/wp-json\/wp\/v2\/users\/8"}],"replies":[{"embeddable":true,"href":"https:\/\/pourvoiriejodoin.com\/es\/wp-json\/wp\/v2\/comments?post=7392"}],"version-history":[{"count":2,"href":"https:\/\/pourvoiriejodoin.com\/es\/wp-json\/wp\/v2\/pages\/7392\/revisions"}],"predecessor-version":[{"id":7394,"href":"https:\/\/pourvoiriejodoin.com\/es\/wp-json\/wp\/v2\/pages\/7392\/revisions\/7394"}],"wp:attachment":[{"href":"https:\/\/pourvoiriejodoin.com\/es\/wp-json\/wp\/v2\/media?parent=7392"}],"curies":[{"name":"wp","href":"https:\/\/api.w.org\/{rel}","templated":true}]}}