{"id":1426,"date":"2026-01-02T10:44:23","date_gmt":"2026-01-02T15:44:23","guid":{"rendered":"https:\/\/live2brand.hostoneer.com\/?page_id=1426"},"modified":"2026-01-14T02:52:27","modified_gmt":"2026-01-14T07:52:27","slug":"contacto","status":"publish","type":"page","link":"https:\/\/pourvoiriejodoin.com\/es\/contacto\/","title":{"rendered":"CONTACTO"},"content":{"rendered":"\t\t<div data-elementor-type=\"wp-page\" data-elementor-id=\"1426\" class=\"elementor elementor-1426 elementor-717\" data-elementor-post-type=\"page\">\n\t\t\t\t<div class=\"elementor-element elementor-element-f991d62 e-con-full e-flex e-con e-parent\" data-id=\"f991d62\" data-element_type=\"container\" data-e-type=\"container\">\n\t\t<div class=\"elementor-element elementor-element-8cda6a8 e-con-full e-flex e-con e-child\" data-id=\"8cda6a8\" data-element_type=\"container\" data-e-type=\"container\">\n\t\t\t\t<div class=\"elementor-element elementor-element-42d0c86 elementor-widget elementor-widget-heading\" data-id=\"42d0c86\" data-element_type=\"widget\" data-e-type=\"widget\" data-widget_type=\"heading.default\">\n\t\t\t\t\t<h2 class=\"elementor-heading-title elementor-size-default\">Contacte con nosotros<\/h2>\t\t\t\t<\/div>\n\t\t<div class=\"elementor-element elementor-element-36e4030 e-con-full e-grid e-con e-child\" data-id=\"36e4030\" data-element_type=\"container\" data-e-type=\"container\">\n\t\t<div class=\"elementor-element elementor-element-abfb216 e-con-full e-flex e-con e-child\" data-id=\"abfb216\" data-element_type=\"container\" data-e-type=\"container\">\n\t\t\t\t<div class=\"elementor-element elementor-element-c12ba3a elementor-widget elementor-widget-heading\" data-id=\"c12ba3a\" data-element_type=\"widget\" data-e-type=\"widget\" data-widget_type=\"heading.default\">\n\t\t\t\t\t<h2 class=\"elementor-heading-title elementor-size-default\">Direcci\u00f3n postal<\/h2>\t\t\t\t<\/div>\n\t\t\t\t<div class=\"elementor-element elementor-element-f14b529 elementor-widget elementor-widget-text-editor\" data-id=\"f14b529\" data-element_type=\"widget\" data-e-type=\"widget\" data-widget_type=\"text-editor.default\">\n\t\t\t\t\t\t\t\t\t<p>93 rue des Pommetiers<\/p><p>Brownsburg-Chatham, Qc<\/p><p>J8G 3C7<\/p>\t\t\t\t\t\t\t\t<\/div>\n\t\t\t\t<\/div>\n\t\t<div class=\"elementor-element elementor-element-e026d20 e-con-full e-flex e-con e-child\" data-id=\"e026d20\" data-element_type=\"container\" data-e-type=\"container\">\n\t\t\t\t<div class=\"elementor-element elementor-element-99e6f8b elementor-widget elementor-widget-heading\" data-id=\"99e6f8b\" data-element_type=\"widget\" data-e-type=\"widget\" data-widget_type=\"heading.default\">\n\t\t\t\t\t<h2 class=\"elementor-heading-title elementor-size-default\">Jodoin Outfitter\n<\/h2>\t\t\t\t<\/div>\n\t\t\t\t<div class=\"elementor-element elementor-element-182795e elementor-widget elementor-widget-text-editor\" data-id=\"182795e\" data-element_type=\"widget\" data-e-type=\"widget\" data-widget_type=\"text-editor.default\">\n\t\t\t\t\t\t\t\t\t<p>1000, chemin du Lac-Perodeau<\/p><p>Chute-Saint-Philippe, Qc<\/p><p>Canada\u00a0 J0W 1A0<\/p>\t\t\t\t\t\t\t\t<\/div>\n\t\t\t\t<\/div>\n\t\t\t\t<\/div>\n\t\t\t\t<div class=\"elementor-element elementor-element-c7e7e71 elementor-widget elementor-widget-text-editor\" data-id=\"c7e7e71\" data-element_type=\"widget\" data-e-type=\"widget\" data-widget_type=\"text-editor.default\">\n\t\t\t\t\t\t\t\t\t<h3>Ll\u00e1menos o cont\u00e1ctenos por correo electr\u00f3nico<\/h3>\t\t\t\t\t\t\t\t<\/div>\n\t\t\t\t<div class=\"elementor-element elementor-element-2022896 elementor-widget elementor-widget-text-editor\" data-id=\"2022896\" data-element_type=\"widget\" data-e-type=\"widget\" data-widget_type=\"text-editor.default\">\n\t\t\t\t\t\t\t\t\t<h4>819-713-0616 &#8211; para informaci\u00f3n y reservaciones<br \/>450-613-9637-Danny Hebert, gerente general<br \/>514-557-3329-Alexander Chernyy, propietario<\/h4>\t\t\t\t\t\t\t\t<\/div>\n\t\t\t\t<div class=\"elementor-element elementor-element-7f6775f elementor-widget elementor-widget-text-editor\" data-id=\"7f6775f\" data-element_type=\"widget\" data-e-type=\"widget\" data-widget_type=\"text-editor.default\">\n\t\t\t\t\t\t\t\t\t<p>Correo electr\u00f3nico: info@pourvoiriejodoin.com<\/p>\t\t\t\t\t\t\t\t<\/div>\n\t\t\t\t<div class=\"elementor-element elementor-element-bec2d70 elementor-widget elementor-widget-text-editor\" data-id=\"bec2d70\" data-element_type=\"widget\" data-e-type=\"widget\" data-widget_type=\"text-editor.default\">\n\t\t\t\t\t\t\t\t\t<p>GPS: <strong>N 46.762134, W -75.129586<\/strong><\/p>\t\t\t\t\t\t\t\t<\/div>\n\t\t\t\t<div class=\"elementor-element elementor-element-d2cba4f elementor-widget elementor-widget-text-editor\" data-id=\"d2cba4f\" data-element_type=\"widget\" data-e-type=\"widget\" data-widget_type=\"text-editor.default\">\n\t\t\t\t\t\t\t\t\t<p><a href=\"https:\/\/pourvoiriejodoin.com\/wp-content\/uploads\/2025\/07\/formulaire_pre-enregistrement_pourvoirie-jodoin.xlsx\">Formulario de preinscripci\u00f3n<\/a><\/p>\t\t\t\t\t\t\t\t<\/div>\n\t\t\t\t<\/div>\n\t\t<div class=\"elementor-element elementor-element-e191b34 e-con-full e-flex e-con e-child\" data-id=\"e191b34\" data-element_type=\"container\" data-e-type=\"container\" data-settings=\"{&quot;background_background&quot;:&quot;classic&quot;}\">\n\t\t\t\t<div class=\"elementor-element elementor-element-5808587 elementor-button-align-stretch elementor-widget elementor-widget-form\" data-id=\"5808587\" data-element_type=\"widget\" data-e-type=\"widget\" data-settings=\"{&quot;step_next_label&quot;:&quot;Next&quot;,&quot;step_previous_label&quot;:&quot;Previous&quot;,&quot;button_width&quot;:&quot;100&quot;,&quot;step_type&quot;:&quot;number_text&quot;,&quot;step_icon_shape&quot;:&quot;circle&quot;}\" data-widget_type=\"form.default\">\n\t\t\t\t\t\t\t<form class=\"elementor-form\" method=\"post\" name=\"New Form\" aria-label=\"New Form\">\n\t\t\t<input type=\"hidden\" name=\"post_id\" value=\"1426\"\/>\n\t\t\t<input type=\"hidden\" name=\"form_id\" value=\"5808587\"\/>\n\t\t\t<input type=\"hidden\" name=\"referer_title\" value=\"CONTACTO - Pourvoirie Jodoin\" \/>\n\n\t\t\t\t\t\t\t<input type=\"hidden\" name=\"queried_id\" value=\"1426\"\/>\n\t\t\t\n\t\t\t<div class=\"elementor-form-fields-wrapper elementor-labels-above\">\n\t\t\t\t\t\t\t\t<div class=\"elementor-field-type-text elementor-field-group elementor-column elementor-field-group-name elementor-col-100\">\n\t\t\t\t\t\t\t\t\t\t\t\t<label for=\"form-field-name\" class=\"elementor-field-label\">\n\t\t\t\t\t\t\t\tNombrar*\t\t\t\t\t\t\t<\/label>\n\t\t\t\t\t\t\t\t\t\t\t\t\t\t<input size=\"1\" type=\"text\" name=\"form_fields[name]\" id=\"form-field-name\" class=\"elementor-field elementor-size-sm  elementor-field-textual\" placeholder=\"Nombrar\">\n\t\t\t\t\t\t\t\t\t\t\t<\/div>\n\t\t\t\t\t\t\t\t<div class=\"elementor-field-type-email elementor-field-group elementor-column elementor-field-group-email elementor-col-100 elementor-field-required\">\n\t\t\t\t\t\t\t\t\t\t\t\t<label for=\"form-field-email\" class=\"elementor-field-label\">\n\t\t\t\t\t\t\t\tCorreo electr\u00f3nico*\t\t\t\t\t\t\t<\/label>\n\t\t\t\t\t\t\t\t\t\t\t\t\t\t<input size=\"1\" type=\"email\" name=\"form_fields[email]\" id=\"form-field-email\" class=\"elementor-field elementor-size-sm  elementor-field-textual\" placeholder=\"Correo electr\u00f3nico*\" required=\"required\">\n\t\t\t\t\t\t\t\t\t\t\t<\/div>\n\t\t\t\t\t\t\t\t<div class=\"elementor-field-type-tel elementor-field-group elementor-column elementor-field-group-field_e3b9491 elementor-col-100 elementor-field-required\">\n\t\t\t\t\t\t\t\t\t\t\t\t<label for=\"form-field-field_e3b9491\" class=\"elementor-field-label\">\n\t\t\t\t\t\t\t\tTel\u00e9fono*\t\t\t\t\t\t\t<\/label>\n\t\t\t\t\t\t\t\t<input size=\"1\" type=\"tel\" name=\"form_fields[field_e3b9491]\" id=\"form-field-field_e3b9491\" class=\"elementor-field elementor-size-sm  elementor-field-textual\" placeholder=\"Tel\u00e9fono\" required=\"required\" pattern=\"[0-9()#&amp;+*-=.]+\" title=\"Only numbers and phone characters (#, -, *, etc) are accepted.\">\n\n\t\t\t\t\t\t<\/div>\n\t\t\t\t\t\t\t\t<div class=\"elementor-field-type-textarea elementor-field-group elementor-column elementor-field-group-message elementor-col-100\">\n\t\t\t\t\t\t\t\t\t\t\t\t<label for=\"form-field-message\" class=\"elementor-field-label\">\n\t\t\t\t\t\t\t\tMensaje*\t\t\t\t\t\t\t<\/label>\n\t\t\t\t\t\t<textarea class=\"elementor-field-textual elementor-field  elementor-size-sm\" name=\"form_fields[message]\" id=\"form-field-message\" rows=\"4\" placeholder=\"Mensaje\"><\/textarea>\t\t\t\t<\/div>\n\t\t\t\t\t\t\t\t<div class=\"elementor-field-type-recaptcha elementor-field-group elementor-column elementor-field-group-field_0b36342 elementor-col-100\">\n\t\t\t\t\t<div class=\"elementor-field\" id=\"form-field-field_0b36342\"><div class=\"elementor-g-recaptcha\" data-sitekey=\"6LcxIT4sAAAAACGEI_uP34BaILDSSzGzCwNcCL91\" data-type=\"v2_checkbox\" data-theme=\"light\" data-size=\"normal\"><\/div><\/div>\t\t\t\t<\/div>\n\t\t\t\t\t\t\t\t<div class=\"elementor-field-group elementor-column elementor-field-type-submit elementor-col-100 e-form__buttons\">\n\t\t\t\t\t<button class=\"elementor-button elementor-size-sm\" type=\"submit\">\n\t\t\t\t\t\t<span class=\"elementor-button-content-wrapper\">\n\t\t\t\t\t\t\t\t\t\t\t\t\t\t\t\t\t\t\t\t\t\t<span class=\"elementor-button-text\">Enviar<\/span>\n\t\t\t\t\t\t\t\t\t\t\t\t\t<\/span>\n\t\t\t\t\t<\/button>\n\t\t\t\t<\/div>\n\t\t\t<\/div>\n\t\t<\/form>\n\t\t\t\t\t\t<\/div>\n\t\t\t\t<\/div>\n\t\t\t\t<\/div>\n\t\t<div class=\"elementor-element elementor-element-10474aa e-con-full e-flex e-con e-parent\" data-id=\"10474aa\" data-element_type=\"container\" data-e-type=\"container\">\n\t\t\t\t<div class=\"elementor-element elementor-element-37ad564 elementor-widget elementor-widget-google_maps\" data-id=\"37ad564\" data-element_type=\"widget\" data-e-type=\"widget\" data-widget_type=\"google_maps.default\">\n\t\t\t\t\t\t\t<div class=\"elementor-custom-embed\">\n\t\t\t<iframe loading=\"lazy\"\n\t\t\t\t\tsrc=\"https:\/\/www.google.com\/maps\/embed\/v1\/place?key=AIzaSyDaWOCE6m0ver2-OW9qFzpYy-jzD7hWk6s&#038;q=Pourvoirie%20Jodoin&#038;zoom=10\"\n\t\t\t\t\ttitle=\"Pourvoirie Jodoin\"\n\t\t\t\t\taria-label=\"Pourvoirie Jodoin\"\n\t\t\t><\/iframe>\n\t\t<\/div>\n\t\t\t\t\t\t<\/div>\n\t\t\t\t<\/div>\n\t\t\t\t<\/div>\n\t\t","protected":false},"excerpt":{"rendered":"<p>Contacte con nosotros Direcci\u00f3n postal 93 rue des Pommetiers Brownsburg-Chatham, Qc J8G 3C7 Jodoin Outfitter 1000, chemin du Lac-Perodeau Chute-Saint-Philippe, Qc Canada\u00a0 J0W 1A0 Ll\u00e1menos o cont\u00e1ctenos por correo electr\u00f3nico 819-713-0616 &#8211; para informaci\u00f3n y reservaciones450-613-9637-Danny Hebert, gerente general514-557-3329-Alexander Chernyy, propietario Correo electr\u00f3nico: info@pourvoiriejodoin.com GPS: N 46.762134, W -75.129586 Formulario de preinscripci\u00f3n<\/p>\n","protected":false},"author":4,"featured_media":0,"parent":0,"menu_order":0,"comment_status":"closed","ping_status":"closed","template":"","meta":{"_acf_changed":false,"footnotes":""},"class_list":["post-1426","page","type-page","status-publish","hentry"],"acf":[],"yoast_head":"<!-- This site is optimized with the Yoast SEO Premium plugin v25.4 (Yoast SEO v27.5) - https:\/\/yoast.com\/product\/yoast-seo-premium-wordpress\/ -->\n<title>CONTACTO - Pourvoirie Jodoin<\/title>\n<meta name=\"robots\" content=\"index, follow, max-snippet:-1, max-image-preview:large, max-video-preview:-1\" \/>\n<link rel=\"canonical\" href=\"https:\/\/pourvoiriejodoin.com\/es\/contacto\/\" \/>\n<meta property=\"og:locale\" content=\"es_ES\" \/>\n<meta property=\"og:type\" content=\"article\" \/>\n<meta property=\"og:title\" content=\"CONTACTO\" \/>\n<meta property=\"og:description\" content=\"Contacte con nosotros Direcci\u00f3n postal 93 rue des Pommetiers Brownsburg-Chatham, Qc J8G 3C7 Jodoin Outfitter 1000, chemin du Lac-Perodeau Chute-Saint-Philippe, Qc Canada\u00a0 J0W 1A0 Ll\u00e1menos o cont\u00e1ctenos por correo electr\u00f3nico 819-713-0616 &#8211; para informaci\u00f3n y reservaciones450-613-9637-Danny Hebert, gerente general514-557-3329-Alexander Chernyy, propietario Correo electr\u00f3nico: info@pourvoiriejodoin.com GPS: N 46.762134, W -75.129586 Formulario de preinscripci\u00f3n\" \/>\n<meta property=\"og:url\" content=\"https:\/\/pourvoiriejodoin.com\/es\/contacto\/\" \/>\n<meta property=\"og:site_name\" content=\"Pourvoirie Jodoin\" \/>\n<meta property=\"article:publisher\" content=\"https:\/\/www.facebook.com\/Pourvoiriejodoin\/\" \/>\n<meta property=\"article:modified_time\" content=\"2026-01-14T07:52:27+00:00\" \/>\n<meta name=\"twitter:card\" content=\"summary_large_image\" \/>\n<meta name=\"twitter:label1\" content=\"Tiempo de lectura\" \/>\n\t<meta name=\"twitter:data1\" content=\"1 minuto\" \/>\n<script type=\"application\/ld+json\" class=\"yoast-schema-graph\">{\"@context\":\"https:\\\/\\\/schema.org\",\"@graph\":[{\"@type\":\"WebPage\",\"@id\":\"https:\\\/\\\/pourvoiriejodoin.com\\\/es\\\/contacto\\\/\",\"url\":\"https:\\\/\\\/pourvoiriejodoin.com\\\/es\\\/contacto\\\/\",\"name\":\"CONTACTO - Pourvoirie Jodoin\",\"isPartOf\":{\"@id\":\"https:\\\/\\\/pourvoiriejodoin.com\\\/es\\\/#website\"},\"datePublished\":\"2026-01-02T15:44:23+00:00\",\"dateModified\":\"2026-01-14T07:52:27+00:00\",\"breadcrumb\":{\"@id\":\"https:\\\/\\\/pourvoiriejodoin.com\\\/es\\\/contacto\\\/#breadcrumb\"},\"inLanguage\":\"es\",\"potentialAction\":[{\"@type\":\"ReadAction\",\"target\":[\"https:\\\/\\\/pourvoiriejodoin.com\\\/es\\\/contacto\\\/\"]}]},{\"@type\":\"BreadcrumbList\",\"@id\":\"https:\\\/\\\/pourvoiriejodoin.com\\\/es\\\/contacto\\\/#breadcrumb\",\"itemListElement\":[{\"@type\":\"ListItem\",\"position\":1,\"name\":\"Home\",\"item\":\"https:\\\/\\\/pourvoiriejodoin.com\\\/es\\\/?lang=es\"},{\"@type\":\"ListItem\",\"position\":2,\"name\":\"CONTACTO\"}]},{\"@type\":\"WebSite\",\"@id\":\"https:\\\/\\\/pourvoiriejodoin.com\\\/es\\\/#website\",\"url\":\"https:\\\/\\\/pourvoiriejodoin.com\\\/es\\\/\",\"name\":\"Pourvoirie Jodoin\",\"description\":\"\",\"publisher\":{\"@id\":\"https:\\\/\\\/pourvoiriejodoin.com\\\/es\\\/#organization\"},\"potentialAction\":[{\"@type\":\"SearchAction\",\"target\":{\"@type\":\"EntryPoint\",\"urlTemplate\":\"https:\\\/\\\/pourvoiriejodoin.com\\\/es\\\/?s={search_term_string}\"},\"query-input\":{\"@type\":\"PropertyValueSpecification\",\"valueRequired\":true,\"valueName\":\"search_term_string\"}}],\"inLanguage\":\"es\"},{\"@type\":\"Organization\",\"@id\":\"https:\\\/\\\/pourvoiriejodoin.com\\\/es\\\/#organization\",\"name\":\"Pourvoirie Jodoin\",\"url\":\"https:\\\/\\\/pourvoiriejodoin.com\\\/es\\\/\",\"logo\":{\"@type\":\"ImageObject\",\"inLanguage\":\"es\",\"@id\":\"https:\\\/\\\/pourvoiriejodoin.com\\\/es\\\/#\\\/schema\\\/logo\\\/image\\\/\",\"url\":\"https:\\\/\\\/pourvoiriejodoin.com\\\/wp-content\\\/uploads\\\/2025\\\/07\\\/imgi_7_logo_jodoin_footer.png\",\"contentUrl\":\"https:\\\/\\\/pourvoiriejodoin.com\\\/wp-content\\\/uploads\\\/2025\\\/07\\\/imgi_7_logo_jodoin_footer.png\",\"width\":207,\"height\":200,\"caption\":\"Pourvoirie Jodoin\"},\"image\":{\"@id\":\"https:\\\/\\\/pourvoiriejodoin.com\\\/es\\\/#\\\/schema\\\/logo\\\/image\\\/\"},\"sameAs\":[\"https:\\\/\\\/www.facebook.com\\\/Pourvoiriejodoin\\\/\"]}]}<\/script>\n<!-- \/ Yoast SEO Premium plugin. -->","yoast_head_json":{"title":"CONTACTO - Pourvoirie Jodoin","robots":{"index":"index","follow":"follow","max-snippet":"max-snippet:-1","max-image-preview":"max-image-preview:large","max-video-preview":"max-video-preview:-1"},"canonical":"https:\/\/pourvoiriejodoin.com\/es\/contacto\/","og_locale":"es_ES","og_type":"article","og_title":"CONTACTO","og_description":"Contacte con nosotros Direcci\u00f3n postal 93 rue des Pommetiers Brownsburg-Chatham, Qc J8G 3C7 Jodoin Outfitter 1000, chemin du Lac-Perodeau Chute-Saint-Philippe, Qc Canada\u00a0 J0W 1A0 Ll\u00e1menos o cont\u00e1ctenos por correo electr\u00f3nico 819-713-0616 &#8211; para informaci\u00f3n y reservaciones450-613-9637-Danny Hebert, gerente general514-557-3329-Alexander Chernyy, propietario Correo electr\u00f3nico: info@pourvoiriejodoin.com GPS: N 46.762134, W -75.129586 Formulario de preinscripci\u00f3n","og_url":"https:\/\/pourvoiriejodoin.com\/es\/contacto\/","og_site_name":"Pourvoirie Jodoin","article_publisher":"https:\/\/www.facebook.com\/Pourvoiriejodoin\/","article_modified_time":"2026-01-14T07:52:27+00:00","twitter_card":"summary_large_image","twitter_misc":{"Tiempo de lectura":"1 minuto"},"schema":{"@context":"https:\/\/schema.org","@graph":[{"@type":"WebPage","@id":"https:\/\/pourvoiriejodoin.com\/es\/contacto\/","url":"https:\/\/pourvoiriejodoin.com\/es\/contacto\/","name":"CONTACTO - Pourvoirie Jodoin","isPartOf":{"@id":"https:\/\/pourvoiriejodoin.com\/es\/#website"},"datePublished":"2026-01-02T15:44:23+00:00","dateModified":"2026-01-14T07:52:27+00:00","breadcrumb":{"@id":"https:\/\/pourvoiriejodoin.com\/es\/contacto\/#breadcrumb"},"inLanguage":"es","potentialAction":[{"@type":"ReadAction","target":["https:\/\/pourvoiriejodoin.com\/es\/contacto\/"]}]},{"@type":"BreadcrumbList","@id":"https:\/\/pourvoiriejodoin.com\/es\/contacto\/#breadcrumb","itemListElement":[{"@type":"ListItem","position":1,"name":"Home","item":"https:\/\/pourvoiriejodoin.com\/es\/?lang=es"},{"@type":"ListItem","position":2,"name":"CONTACTO"}]},{"@type":"WebSite","@id":"https:\/\/pourvoiriejodoin.com\/es\/#website","url":"https:\/\/pourvoiriejodoin.com\/es\/","name":"Pourvoirie Jodoin","description":"","publisher":{"@id":"https:\/\/pourvoiriejodoin.com\/es\/#organization"},"potentialAction":[{"@type":"SearchAction","target":{"@type":"EntryPoint","urlTemplate":"https:\/\/pourvoiriejodoin.com\/es\/?s={search_term_string}"},"query-input":{"@type":"PropertyValueSpecification","valueRequired":true,"valueName":"search_term_string"}}],"inLanguage":"es"},{"@type":"Organization","@id":"https:\/\/pourvoiriejodoin.com\/es\/#organization","name":"Pourvoirie Jodoin","url":"https:\/\/pourvoiriejodoin.com\/es\/","logo":{"@type":"ImageObject","inLanguage":"es","@id":"https:\/\/pourvoiriejodoin.com\/es\/#\/schema\/logo\/image\/","url":"https:\/\/pourvoiriejodoin.com\/wp-content\/uploads\/2025\/07\/imgi_7_logo_jodoin_footer.png","contentUrl":"https:\/\/pourvoiriejodoin.com\/wp-content\/uploads\/2025\/07\/imgi_7_logo_jodoin_footer.png","width":207,"height":200,"caption":"Pourvoirie Jodoin"},"image":{"@id":"https:\/\/pourvoiriejodoin.com\/es\/#\/schema\/logo\/image\/"},"sameAs":["https:\/\/www.facebook.com\/Pourvoiriejodoin\/"]}]}},"_links":{"self":[{"href":"https:\/\/pourvoiriejodoin.com\/es\/wp-json\/wp\/v2\/pages\/1426","targetHints":{"allow":["GET"]}}],"collection":[{"href":"https:\/\/pourvoiriejodoin.com\/es\/wp-json\/wp\/v2\/pages"}],"about":[{"href":"https:\/\/pourvoiriejodoin.com\/es\/wp-json\/wp\/v2\/types\/page"}],"author":[{"embeddable":true,"href":"https:\/\/pourvoiriejodoin.com\/es\/wp-json\/wp\/v2\/users\/4"}],"replies":[{"embeddable":true,"href":"https:\/\/pourvoiriejodoin.com\/es\/wp-json\/wp\/v2\/comments?post=1426"}],"version-history":[{"count":9,"href":"https:\/\/pourvoiriejodoin.com\/es\/wp-json\/wp\/v2\/pages\/1426\/revisions"}],"predecessor-version":[{"id":8927,"href":"https:\/\/pourvoiriejodoin.com\/es\/wp-json\/wp\/v2\/pages\/1426\/revisions\/8927"}],"wp:attachment":[{"href":"https:\/\/pourvoiriejodoin.com\/es\/wp-json\/wp\/v2\/media?parent=1426"}],"curies":[{"name":"wp","href":"https:\/\/api.w.org\/{rel}","templated":true}]}}