{"id":1318,"date":"2025-07-10T06:47:44","date_gmt":"2025-07-10T10:47:44","guid":{"rendered":"https:\/\/live2brand.hostoneer.com\/?page_id=1318"},"modified":"2026-01-13T10:33:41","modified_gmt":"2026-01-13T15:33:41","slug":"inicio","status":"publish","type":"page","link":"https:\/\/pourvoiriejodoin.com\/es\/","title":{"rendered":"Inicio"},"content":{"rendered":"\t\t<div data-elementor-type=\"wp-page\" data-elementor-id=\"1318\" class=\"elementor elementor-1318 elementor-1144\" data-elementor-post-type=\"page\">\n\t\t\t\t<div class=\"elementor-element elementor-element-ce7acad e-con-full e-flex e-con e-parent\" data-id=\"ce7acad\" data-element_type=\"container\" data-e-type=\"container\">\n\t\t\t\t<div class=\"elementor-element elementor-element-d99e088 elementor-arrows-position-inside elementor-widget elementor-widget-n-carousel\" data-id=\"d99e088\" data-element_type=\"widget\" data-e-type=\"widget\" data-settings=\"{&quot;carousel_items&quot;:[{&quot;slide_title&quot;:&quot;Slide #1&quot;,&quot;_id&quot;:&quot;b6b1b04&quot;},{&quot;slide_title&quot;:&quot;Slide #2&quot;,&quot;_id&quot;:&quot;706bd60&quot;},{&quot;slide_title&quot;:&quot;Slide #3&quot;,&quot;_id&quot;:&quot;c52d6cd&quot;}],&quot;slides_to_show&quot;:&quot;1&quot;,&quot;slides_to_show_tablet&quot;:&quot;1&quot;,&quot;slides_to_scroll&quot;:&quot;1&quot;,&quot;autoplay_speed&quot;:3000,&quot;slides_to_show_mobile&quot;:&quot;1&quot;,&quot;autoplay&quot;:&quot;yes&quot;,&quot;infinite&quot;:&quot;yes&quot;,&quot;speed&quot;:500,&quot;offset_sides&quot;:&quot;none&quot;,&quot;arrows&quot;:&quot;yes&quot;,&quot;image_spacing_custom&quot;:{&quot;unit&quot;:&quot;px&quot;,&quot;size&quot;:10,&quot;sizes&quot;:[]},&quot;image_spacing_custom_tablet&quot;:{&quot;unit&quot;:&quot;px&quot;,&quot;size&quot;:&quot;&quot;,&quot;sizes&quot;:[]},&quot;image_spacing_custom_mobile&quot;:{&quot;unit&quot;:&quot;px&quot;,&quot;size&quot;:&quot;&quot;,&quot;sizes&quot;:[]}}\" data-widget_type=\"nested-carousel.default\">\n\t\t\t\t\t\t\t<div class=\"e-n-carousel swiper\" role=\"region\" aria-roledescription=\"carousel\" aria-label=\"Carousel\" dir=\"ltr\">\n\t\t\t<div class=\"swiper-wrapper\" aria-live=\"off\">\n\t\t\t\t\t\t\t\t\t\t<div class=\"swiper-slide\" data-slide=\"1\" role=\"group\" aria-roledescription=\"slide\" aria-label=\"1 of 3\">\n\t\t\t\t\t\t\t<div class=\"elementor-element elementor-element-0575034 e-flex e-con-boxed e-con e-child\" data-id=\"0575034\" data-element_type=\"container\" data-e-type=\"container\">\n\t\t\t\t\t<div class=\"e-con-inner\">\n\t\t<div class=\"elementor-element elementor-element-fffa0c9 e-con-full e-flex e-con e-child\" data-id=\"fffa0c9\" data-element_type=\"container\" data-e-type=\"container\" data-settings=\"{&quot;background_background&quot;:&quot;classic&quot;}\">\n\t\t\t\t<div class=\"elementor-element elementor-element-e35454b elementor-absolute elementor-widget elementor-widget-image\" data-id=\"e35454b\" data-element_type=\"widget\" data-e-type=\"widget\" data-settings=\"{&quot;_position&quot;:&quot;absolute&quot;}\" data-widget_type=\"image.default\">\n\t\t\t\t\t\t\t\t\t\t\t\t\t\t\t<img fetchpriority=\"high\" decoding=\"async\" width=\"337\" height=\"342\" src=\"https:\/\/pourvoiriejodoin.com\/wp-content\/uploads\/2025\/07\/cercle_titre.png\" class=\"attachment-full size-full wp-image-4224\" alt=\"\" srcset=\"https:\/\/pourvoiriejodoin.com\/wp-content\/uploads\/2025\/07\/cercle_titre.png 337w, https:\/\/pourvoiriejodoin.com\/wp-content\/uploads\/2025\/07\/cercle_titre-296x300.png 296w\" sizes=\"(max-width: 337px) 100vw, 337px\" \/>\t\t\t\t\t\t\t\t\t\t\t\t\t\t\t<\/div>\n\t\t<div class=\"elementor-element elementor-element-ba16739 e-con-full e-flex e-con e-child\" data-id=\"ba16739\" data-element_type=\"container\" data-e-type=\"container\" data-settings=\"{&quot;position&quot;:&quot;absolute&quot;}\">\n\t\t\t\t<div class=\"elementor-element elementor-element-9a88593 text-bold elementor-widget elementor-widget-heading\" data-id=\"9a88593\" data-element_type=\"widget\" data-e-type=\"widget\" data-widget_type=\"heading.default\">\n\t\t\t\t\t<h2 class=\"elementor-heading-title elementor-size-default\">Various <br><strong>cottages<\/strong><\/h2>\t\t\t\t<\/div>\n\t\t\t\t<div class=\"elementor-element elementor-element-e606300 elementor-widget elementor-widget-heading\" data-id=\"e606300\" data-element_type=\"widget\" data-e-type=\"widget\" data-widget_type=\"heading.default\">\n\t\t\t\t\t<h2 class=\"elementor-heading-title elementor-size-default\">to better <br> accommodate you<\/h2>\t\t\t\t<\/div>\n\t\t\t\t<\/div>\n\t\t\t\t<\/div>\n\t\t\t\t\t<\/div>\n\t\t\t\t<\/div>\n\t\t\t\t\t\t\t\t<\/div>\n\t\t\t\t\t\t\t\t\t\t\t<div class=\"swiper-slide\" data-slide=\"2\" role=\"group\" aria-roledescription=\"slide\" aria-label=\"2 of 3\">\n\t\t\t\t\t\t\t<div class=\"elementor-element elementor-element-a0dc897 e-flex e-con-boxed e-con e-child\" data-id=\"a0dc897\" data-element_type=\"container\" data-e-type=\"container\">\n\t\t\t\t\t<div class=\"e-con-inner\">\n\t\t<div class=\"elementor-element elementor-element-8004709 e-con-full e-flex e-con e-child\" data-id=\"8004709\" data-element_type=\"container\" data-e-type=\"container\" data-settings=\"{&quot;background_background&quot;:&quot;classic&quot;}\">\n\t\t\t\t<div class=\"elementor-element elementor-element-10bb426 elementor-absolute elementor-widget elementor-widget-image\" data-id=\"10bb426\" data-element_type=\"widget\" data-e-type=\"widget\" data-settings=\"{&quot;_position&quot;:&quot;absolute&quot;}\" data-widget_type=\"image.default\">\n\t\t\t\t\t\t\t\t\t\t\t\t\t\t\t<img fetchpriority=\"high\" decoding=\"async\" width=\"337\" height=\"342\" src=\"https:\/\/pourvoiriejodoin.com\/wp-content\/uploads\/2025\/07\/cercle_titre.png\" class=\"attachment-full size-full wp-image-4224\" alt=\"\" srcset=\"https:\/\/pourvoiriejodoin.com\/wp-content\/uploads\/2025\/07\/cercle_titre.png 337w, https:\/\/pourvoiriejodoin.com\/wp-content\/uploads\/2025\/07\/cercle_titre-296x300.png 296w\" sizes=\"(max-width: 337px) 100vw, 337px\" \/>\t\t\t\t\t\t\t\t\t\t\t\t\t\t\t<\/div>\n\t\t<div class=\"elementor-element elementor-element-8291282 e-con-full e-flex e-con e-child\" data-id=\"8291282\" data-element_type=\"container\" data-e-type=\"container\" data-settings=\"{&quot;position&quot;:&quot;absolute&quot;}\">\n\t\t\t\t<div class=\"elementor-element elementor-element-2fc3e37 text-bold elementor-widget elementor-widget-heading\" data-id=\"2fc3e37\" data-element_type=\"widget\" data-e-type=\"widget\" data-widget_type=\"heading.default\">\n\t\t\t\t\t<h2 class=\"elementor-heading-title elementor-size-default\">Come  <br><strong>enjoy<\/strong><\/h2>\t\t\t\t<\/div>\n\t\t\t\t<div class=\"elementor-element elementor-element-83e00c5 elementor-widget elementor-widget-heading\" data-id=\"83e00c5\" data-element_type=\"widget\" data-e-type=\"widget\" data-widget_type=\"heading.default\">\n\t\t\t\t\t<h2 class=\"elementor-heading-title elementor-size-default\">your favorite <br>  activities<\/h2>\t\t\t\t<\/div>\n\t\t\t\t<\/div>\n\t\t\t\t<\/div>\n\t\t\t\t\t<\/div>\n\t\t\t\t<\/div>\n\t\t\t\t\t\t\t\t<\/div>\n\t\t\t\t\t\t\t\t\t\t\t<div class=\"swiper-slide\" data-slide=\"3\" role=\"group\" aria-roledescription=\"slide\" aria-label=\"3 of 3\">\n\t\t\t\t\t\t\t<div class=\"elementor-element elementor-element-85b43c0 e-flex e-con-boxed e-con e-child\" data-id=\"85b43c0\" data-element_type=\"container\" data-e-type=\"container\">\n\t\t\t\t\t<div class=\"e-con-inner\">\n\t\t<div class=\"elementor-element elementor-element-bc6508f e-con-full e-flex e-con e-child\" data-id=\"bc6508f\" data-element_type=\"container\" data-e-type=\"container\" data-settings=\"{&quot;background_background&quot;:&quot;classic&quot;}\">\n\t\t\t\t<div class=\"elementor-element elementor-element-26e5403 elementor-absolute elementor-widget elementor-widget-image\" data-id=\"26e5403\" data-element_type=\"widget\" data-e-type=\"widget\" data-settings=\"{&quot;_position&quot;:&quot;absolute&quot;}\" data-widget_type=\"image.default\">\n\t\t\t\t\t\t\t\t\t\t\t\t\t\t\t<img fetchpriority=\"high\" decoding=\"async\" width=\"337\" height=\"342\" src=\"https:\/\/pourvoiriejodoin.com\/wp-content\/uploads\/2025\/07\/cercle_titre.png\" class=\"attachment-full size-full wp-image-4224\" alt=\"\" srcset=\"https:\/\/pourvoiriejodoin.com\/wp-content\/uploads\/2025\/07\/cercle_titre.png 337w, https:\/\/pourvoiriejodoin.com\/wp-content\/uploads\/2025\/07\/cercle_titre-296x300.png 296w\" sizes=\"(max-width: 337px) 100vw, 337px\" \/>\t\t\t\t\t\t\t\t\t\t\t\t\t\t\t<\/div>\n\t\t<div class=\"elementor-element elementor-element-d2fdee9 e-con-full e-flex e-con e-child\" data-id=\"d2fdee9\" data-element_type=\"container\" data-e-type=\"container\" data-settings=\"{&quot;position&quot;:&quot;absolute&quot;}\">\n\t\t\t\t<div class=\"elementor-element elementor-element-16028fc text-bold elementor-widget elementor-widget-heading\" data-id=\"16028fc\" data-element_type=\"widget\" data-e-type=\"widget\" data-widget_type=\"heading.default\">\n\t\t\t\t\t<h2 class=\"elementor-heading-title elementor-size-default\">A  <br><strong>paradise<\/strong><\/h2>\t\t\t\t<\/div>\n\t\t\t\t<div class=\"elementor-element elementor-element-5262292 elementor-widget elementor-widget-heading\" data-id=\"5262292\" data-element_type=\"widget\" data-e-type=\"widget\" data-widget_type=\"heading.default\">\n\t\t\t\t\t<h2 class=\"elementor-heading-title elementor-size-default\">of nature <br>  to discover<\/h2>\t\t\t\t<\/div>\n\t\t\t\t<\/div>\n\t\t\t\t<\/div>\n\t\t\t\t\t<\/div>\n\t\t\t\t<\/div>\n\t\t\t\t\t\t\t\t<\/div>\n\t\t\t\t\t\t\t\t<\/div>\n\t\t<\/div>\n\t\t\t\t\t<div class=\"elementor-swiper-button elementor-swiper-button-prev\" role=\"button\" tabindex=\"0\" aria-label=\"Previous\">\n\t\t\t\t<svg aria-hidden=\"true\" class=\"e-font-icon-svg e-eicon-chevron-left\" viewBox=\"0 0 1000 1000\" xmlns=\"http:\/\/www.w3.org\/2000\/svg\"><path d=\"M646 125C629 125 613 133 604 142L308 442C296 454 292 471 292 487 292 504 296 521 308 533L604 854C617 867 629 875 646 875 663 875 679 871 692 858 704 846 713 829 713 812 713 796 708 779 692 767L438 487 692 225C700 217 708 204 708 187 708 171 704 154 692 142 675 129 663 125 646 125Z\"><\/path><\/svg>\t\t\t<\/div>\n\t\t\t<div class=\"elementor-swiper-button elementor-swiper-button-next\" role=\"button\" tabindex=\"0\" aria-label=\"Next\">\n\t\t\t\t<svg aria-hidden=\"true\" class=\"e-font-icon-svg e-eicon-chevron-right\" viewBox=\"0 0 1000 1000\" xmlns=\"http:\/\/www.w3.org\/2000\/svg\"><path d=\"M696 533C708 521 713 504 713 487 713 471 708 454 696 446L400 146C388 133 375 125 354 125 338 125 325 129 313 142 300 154 292 171 292 187 292 204 296 221 308 233L563 492 304 771C292 783 288 800 288 817 288 833 296 850 308 863 321 871 338 875 354 875 371 875 388 867 400 854L696 533Z\"><\/path><\/svg>\t\t\t<\/div>\n\t\t\t\t\t\t<\/div>\n\t\t\t\t<\/div>\n\t\t<div class=\"elementor-element elementor-element-7e7d435 elementor-section e-flex e-con-boxed e-con e-parent\" data-id=\"7e7d435\" data-element_type=\"container\" data-e-type=\"container\" id=\"bienvenido\">\n\t\t\t\t\t<div class=\"e-con-inner\">\n\t\t<div class=\"elementor-element elementor-element-36742fa e-con-full e-flex e-con e-child\" data-id=\"36742fa\" data-element_type=\"container\" data-e-type=\"container\">\n\t\t\t\t<div class=\"elementor-element elementor-element-adfdf21 elementor-widget__width-initial elementor-widget elementor-widget-heading\" data-id=\"adfdf21\" data-element_type=\"widget\" data-e-type=\"widget\" data-widget_type=\"heading.default\">\n\t\t\t\t\t<h2 class=\"elementor-heading-title elementor-size-default\">Bienvenido al Rancho de Cacer\u00eda Jodoin<\/h2>\t\t\t\t<\/div>\n\t\t\t\t<div class=\"elementor-element elementor-element-752d761 elementor-widget__width-initial elementor-widget elementor-widget-text-editor\" data-id=\"752d761\" data-element_type=\"widget\" data-e-type=\"widget\" data-widget_type=\"text-editor.default\">\n\t\t\t\t\t\t\t\t\t<p>Descubra la mejor aventura al aire libre en el Rancho de Cacer\u00eda Jodoin.<\/p><p>Planee sus vacaciones familiares activos y sum\u00e9rjase en la belleza de la naturaleza.\u00a0Si es un pescador apasionado o simplemente le gusta relajarse junto al agua, nuestros lugares de pesca de clase mundial satisfar\u00e1n todos sus deseos.<\/p><p>Contemple la impresionante vida salvaje mientras observa a los animales en sus h\u00e1bitats naturales y disfrute de la tranquilidad de la naturaleza como nunca antes.<\/p><p>El Rancho de Cacer\u00eda Jodoin es su destino principal para observar la vida silvestre y divertirse al aire libre.<\/p><p>\u00a1Reserve su estancia con nosotros hoy y cree recuerdos para toda la vida de las mejores ofertas de la naturaleza!<\/p>\t\t\t\t\t\t\t\t<\/div>\n\t\t\t\t<\/div>\n\t\t<div class=\"elementor-element elementor-element-c5b0ee5 e-con-full e-flex e-con e-child\" data-id=\"c5b0ee5\" data-element_type=\"container\" data-e-type=\"container\" data-settings=\"{&quot;background_background&quot;:&quot;classic&quot;}\">\n\t\t\t\t<\/div>\n\t\t\t\t\t<\/div>\n\t\t\t\t<\/div>\n\t\t<div class=\"elementor-element elementor-element-f34bf56 e-flex e-con-boxed e-con e-parent\" data-id=\"f34bf56\" data-element_type=\"container\" data-e-type=\"container\" id=\"numeros\" data-settings=\"{&quot;background_background&quot;:&quot;classic&quot;}\">\n\t\t\t\t\t<div class=\"e-con-inner\">\n\t\t\t\t<div class=\"elementor-element elementor-element-fac030e elementor-widget elementor-widget-heading\" data-id=\"fac030e\" data-element_type=\"widget\" data-e-type=\"widget\" data-widget_type=\"heading.default\">\n\t\t\t\t\t<h2 class=\"elementor-heading-title elementor-size-default\">El Rancho de Cacer\u00eda en N\u00fameros<\/h2>\t\t\t\t<\/div>\n\t\t\t\t<div class=\"elementor-element elementor-element-5db7ded elementor-widget__width-initial elementor-widget elementor-widget-text-editor\" data-id=\"5db7ded\" data-element_type=\"widget\" data-e-type=\"widget\" data-widget_type=\"text-editor.default\">\n\t\t\t\t\t\t\t\t\t<p>Nuestro Rancho de Cacer\u00eda est\u00e1 ubicado en la regi\u00f3n de Chute St-Philippe, al este de Mont-Laurier, a 250 km (3 horas) de Montr\u00e9al, a 220 km (2,5 horas) de Ottawa y a 500 km (6 horas) de la ciudad de Quebec.<\/p><p>El Rancho de Cacer\u00eda cuenta con 104 kil\u00f3metros cuadrados de territorio exclusivo de naturaleza y tranquilidad.<\/p><p>M\u00e1s de 100 kil\u00f3metros de antiguos senderos forestales son ideales para VTT y bicicletas todoterreno.<\/p><p>Hay 12 lagos majestuosos, ricos en peces y son excelentes lugares para el verano y la pesca en hielo.<\/p><p>Nuestros 12 chal\u00e9s de 4 estrellas tienen capacidad para 81 hu\u00e9spedes en total.<\/p>\t\t\t\t\t\t\t\t<\/div>\n\t\t\t\t\t<\/div>\n\t\t\t\t<\/div>\n\t\t<div class=\"elementor-element elementor-element-f37c156 e-flex e-con-boxed e-con e-parent\" data-id=\"f37c156\" data-element_type=\"container\" data-e-type=\"container\" id=\"territorio\" data-settings=\"{&quot;background_background&quot;:&quot;classic&quot;}\">\n\t\t\t\t\t<div class=\"e-con-inner\">\n\t\t\t\t<div class=\"elementor-element elementor-element-1a1de97 elementor-widget elementor-widget-heading\" data-id=\"1a1de97\" data-element_type=\"widget\" data-e-type=\"widget\" data-widget_type=\"heading.default\">\n\t\t\t\t\t<h2 class=\"elementor-heading-title elementor-size-default\">Exclusive territory<\/h2>\t\t\t\t<\/div>\n\t\t\t\t\t<\/div>\n\t\t\t\t<\/div>\n\t\t<div class=\"elementor-element elementor-element-dd29e9c e-con-full e-flex e-con e-parent\" data-id=\"dd29e9c\" data-element_type=\"container\" data-e-type=\"container\" data-settings=\"{&quot;background_background&quot;:&quot;classic&quot;}\">\n\t\t<div class=\"elementor-element elementor-element-a91ee92 e-con-full e-flex e-con e-child\" data-id=\"a91ee92\" data-element_type=\"container\" data-e-type=\"container\" data-settings=\"{&quot;background_background&quot;:&quot;classic&quot;}\">\n\t\t\t\t<\/div>\n\t\t<div class=\"elementor-element elementor-element-5933a45 e-con-full e-flex e-con e-child\" data-id=\"5933a45\" data-element_type=\"container\" data-e-type=\"container\" data-settings=\"{&quot;background_background&quot;:&quot;classic&quot;}\">\n\t\t\t\t<\/div>\n\t\t\t\t<\/div>\n\t\t\t\t<\/div>\n\t\t","protected":false},"excerpt":{"rendered":"<p>Various cottages to better accommodate you Come enjoy your favorite activities A paradise of nature to discover Various cottages to better accommodate you Come enjoy your favorite activities A paradise of nature to discover Bienvenido al Rancho de Cacer\u00eda Jodoin Descubra la mejor aventura al aire libre en el Rancho de Cacer\u00eda Jodoin. Planee sus [&hellip;]<\/p>\n","protected":false},"author":4,"featured_media":0,"parent":0,"menu_order":0,"comment_status":"closed","ping_status":"closed","template":"","meta":{"_acf_changed":false,"footnotes":""},"class_list":["post-1318","page","type-page","status-publish","hentry"],"acf":[],"yoast_head":"<!-- This site is optimized with the Yoast SEO Premium plugin v25.4 (Yoast SEO v27.5) - https:\/\/yoast.com\/product\/yoast-seo-premium-wordpress\/ -->\n<title>Inicio - Pourvoirie Jodoin<\/title>\n<meta name=\"robots\" content=\"index, follow, max-snippet:-1, max-image-preview:large, max-video-preview:-1\" \/>\n<link rel=\"canonical\" href=\"https:\/\/pourvoiriejodoin.com\/es\/\" \/>\n<meta property=\"og:locale\" content=\"es_ES\" \/>\n<meta property=\"og:type\" content=\"article\" \/>\n<meta property=\"og:title\" content=\"Inicio\" \/>\n<meta property=\"og:description\" content=\"Various cottages to better accommodate you Come enjoy your favorite activities A paradise of nature to discover Various cottages to better accommodate you Come enjoy your favorite activities A paradise of nature to discover Bienvenido al Rancho de Cacer\u00eda Jodoin Descubra la mejor aventura al aire libre en el Rancho de Cacer\u00eda Jodoin. Planee sus [&hellip;]\" \/>\n<meta property=\"og:url\" content=\"https:\/\/pourvoiriejodoin.com\/es\/\" \/>\n<meta property=\"og:site_name\" content=\"Pourvoirie Jodoin\" \/>\n<meta property=\"article:publisher\" content=\"https:\/\/www.facebook.com\/Pourvoiriejodoin\/\" \/>\n<meta property=\"article:modified_time\" content=\"2026-01-13T15:33:41+00:00\" \/>\n<meta property=\"og:image\" content=\"https:\/\/pourvoiriejodoin.com\/wp-content\/uploads\/2025\/07\/cercle_titre.png\" \/>\n\t<meta property=\"og:image:width\" content=\"337\" \/>\n\t<meta property=\"og:image:height\" content=\"342\" \/>\n\t<meta property=\"og:image:type\" content=\"image\/png\" \/>\n<meta name=\"twitter:card\" content=\"summary_large_image\" \/>\n<meta name=\"twitter:label1\" content=\"Tiempo de lectura\" \/>\n\t<meta name=\"twitter:data1\" content=\"2 minutos\" \/>\n<script type=\"application\/ld+json\" class=\"yoast-schema-graph\">{\"@context\":\"https:\\\/\\\/schema.org\",\"@graph\":[{\"@type\":\"WebPage\",\"@id\":\"https:\\\/\\\/pourvoiriejodoin.com\\\/es\\\/\",\"url\":\"https:\\\/\\\/pourvoiriejodoin.com\\\/es\\\/\",\"name\":\"Inicio - Pourvoirie Jodoin\",\"isPartOf\":{\"@id\":\"https:\\\/\\\/pourvoiriejodoin.com\\\/es\\\/#website\"},\"primaryImageOfPage\":{\"@id\":\"https:\\\/\\\/pourvoiriejodoin.com\\\/es\\\/#primaryimage\"},\"image\":{\"@id\":\"https:\\\/\\\/pourvoiriejodoin.com\\\/es\\\/#primaryimage\"},\"thumbnailUrl\":\"https:\\\/\\\/pourvoiriejodoin.com\\\/wp-content\\\/uploads\\\/2025\\\/07\\\/cercle_titre.png\",\"datePublished\":\"2025-07-10T10:47:44+00:00\",\"dateModified\":\"2026-01-13T15:33:41+00:00\",\"breadcrumb\":{\"@id\":\"https:\\\/\\\/pourvoiriejodoin.com\\\/es\\\/#breadcrumb\"},\"inLanguage\":\"es\",\"potentialAction\":[{\"@type\":\"ReadAction\",\"target\":[\"https:\\\/\\\/pourvoiriejodoin.com\\\/es\\\/\"]}]},{\"@type\":\"ImageObject\",\"inLanguage\":\"es\",\"@id\":\"https:\\\/\\\/pourvoiriejodoin.com\\\/es\\\/#primaryimage\",\"url\":\"https:\\\/\\\/pourvoiriejodoin.com\\\/wp-content\\\/uploads\\\/2025\\\/07\\\/cercle_titre.png\",\"contentUrl\":\"https:\\\/\\\/pourvoiriejodoin.com\\\/wp-content\\\/uploads\\\/2025\\\/07\\\/cercle_titre.png\"},{\"@type\":\"BreadcrumbList\",\"@id\":\"https:\\\/\\\/pourvoiriejodoin.com\\\/es\\\/#breadcrumb\",\"itemListElement\":[{\"@type\":\"ListItem\",\"position\":1,\"name\":\"Home\",\"item\":\"https:\\\/\\\/pourvoiriejodoin.com\\\/es\\\/?lang=es\"},{\"@type\":\"ListItem\",\"position\":2,\"name\":\"Inicio\"}]},{\"@type\":\"WebSite\",\"@id\":\"https:\\\/\\\/pourvoiriejodoin.com\\\/es\\\/#website\",\"url\":\"https:\\\/\\\/pourvoiriejodoin.com\\\/es\\\/\",\"name\":\"Pourvoirie Jodoin\",\"description\":\"\",\"publisher\":{\"@id\":\"https:\\\/\\\/pourvoiriejodoin.com\\\/es\\\/#organization\"},\"potentialAction\":[{\"@type\":\"SearchAction\",\"target\":{\"@type\":\"EntryPoint\",\"urlTemplate\":\"https:\\\/\\\/pourvoiriejodoin.com\\\/es\\\/?s={search_term_string}\"},\"query-input\":{\"@type\":\"PropertyValueSpecification\",\"valueRequired\":true,\"valueName\":\"search_term_string\"}}],\"inLanguage\":\"es\"},{\"@type\":\"Organization\",\"@id\":\"https:\\\/\\\/pourvoiriejodoin.com\\\/es\\\/#organization\",\"name\":\"Pourvoirie Jodoin\",\"url\":\"https:\\\/\\\/pourvoiriejodoin.com\\\/es\\\/\",\"logo\":{\"@type\":\"ImageObject\",\"inLanguage\":\"es\",\"@id\":\"https:\\\/\\\/pourvoiriejodoin.com\\\/es\\\/#\\\/schema\\\/logo\\\/image\\\/\",\"url\":\"https:\\\/\\\/pourvoiriejodoin.com\\\/wp-content\\\/uploads\\\/2025\\\/07\\\/imgi_7_logo_jodoin_footer.png\",\"contentUrl\":\"https:\\\/\\\/pourvoiriejodoin.com\\\/wp-content\\\/uploads\\\/2025\\\/07\\\/imgi_7_logo_jodoin_footer.png\",\"width\":207,\"height\":200,\"caption\":\"Pourvoirie Jodoin\"},\"image\":{\"@id\":\"https:\\\/\\\/pourvoiriejodoin.com\\\/es\\\/#\\\/schema\\\/logo\\\/image\\\/\"},\"sameAs\":[\"https:\\\/\\\/www.facebook.com\\\/Pourvoiriejodoin\\\/\"]}]}<\/script>\n<!-- \/ Yoast SEO Premium plugin. -->","yoast_head_json":{"title":"Inicio - Pourvoirie Jodoin","robots":{"index":"index","follow":"follow","max-snippet":"max-snippet:-1","max-image-preview":"max-image-preview:large","max-video-preview":"max-video-preview:-1"},"canonical":"https:\/\/pourvoiriejodoin.com\/es\/","og_locale":"es_ES","og_type":"article","og_title":"Inicio","og_description":"Various cottages to better accommodate you Come enjoy your favorite activities A paradise of nature to discover Various cottages to better accommodate you Come enjoy your favorite activities A paradise of nature to discover Bienvenido al Rancho de Cacer\u00eda Jodoin Descubra la mejor aventura al aire libre en el Rancho de Cacer\u00eda Jodoin. Planee sus [&hellip;]","og_url":"https:\/\/pourvoiriejodoin.com\/es\/","og_site_name":"Pourvoirie Jodoin","article_publisher":"https:\/\/www.facebook.com\/Pourvoiriejodoin\/","article_modified_time":"2026-01-13T15:33:41+00:00","og_image":[{"width":337,"height":342,"url":"https:\/\/pourvoiriejodoin.com\/wp-content\/uploads\/2025\/07\/cercle_titre.png","type":"image\/png"}],"twitter_card":"summary_large_image","twitter_misc":{"Tiempo de lectura":"2 minutos"},"schema":{"@context":"https:\/\/schema.org","@graph":[{"@type":"WebPage","@id":"https:\/\/pourvoiriejodoin.com\/es\/","url":"https:\/\/pourvoiriejodoin.com\/es\/","name":"Inicio - Pourvoirie Jodoin","isPartOf":{"@id":"https:\/\/pourvoiriejodoin.com\/es\/#website"},"primaryImageOfPage":{"@id":"https:\/\/pourvoiriejodoin.com\/es\/#primaryimage"},"image":{"@id":"https:\/\/pourvoiriejodoin.com\/es\/#primaryimage"},"thumbnailUrl":"https:\/\/pourvoiriejodoin.com\/wp-content\/uploads\/2025\/07\/cercle_titre.png","datePublished":"2025-07-10T10:47:44+00:00","dateModified":"2026-01-13T15:33:41+00:00","breadcrumb":{"@id":"https:\/\/pourvoiriejodoin.com\/es\/#breadcrumb"},"inLanguage":"es","potentialAction":[{"@type":"ReadAction","target":["https:\/\/pourvoiriejodoin.com\/es\/"]}]},{"@type":"ImageObject","inLanguage":"es","@id":"https:\/\/pourvoiriejodoin.com\/es\/#primaryimage","url":"https:\/\/pourvoiriejodoin.com\/wp-content\/uploads\/2025\/07\/cercle_titre.png","contentUrl":"https:\/\/pourvoiriejodoin.com\/wp-content\/uploads\/2025\/07\/cercle_titre.png"},{"@type":"BreadcrumbList","@id":"https:\/\/pourvoiriejodoin.com\/es\/#breadcrumb","itemListElement":[{"@type":"ListItem","position":1,"name":"Home","item":"https:\/\/pourvoiriejodoin.com\/es\/?lang=es"},{"@type":"ListItem","position":2,"name":"Inicio"}]},{"@type":"WebSite","@id":"https:\/\/pourvoiriejodoin.com\/es\/#website","url":"https:\/\/pourvoiriejodoin.com\/es\/","name":"Pourvoirie Jodoin","description":"","publisher":{"@id":"https:\/\/pourvoiriejodoin.com\/es\/#organization"},"potentialAction":[{"@type":"SearchAction","target":{"@type":"EntryPoint","urlTemplate":"https:\/\/pourvoiriejodoin.com\/es\/?s={search_term_string}"},"query-input":{"@type":"PropertyValueSpecification","valueRequired":true,"valueName":"search_term_string"}}],"inLanguage":"es"},{"@type":"Organization","@id":"https:\/\/pourvoiriejodoin.com\/es\/#organization","name":"Pourvoirie Jodoin","url":"https:\/\/pourvoiriejodoin.com\/es\/","logo":{"@type":"ImageObject","inLanguage":"es","@id":"https:\/\/pourvoiriejodoin.com\/es\/#\/schema\/logo\/image\/","url":"https:\/\/pourvoiriejodoin.com\/wp-content\/uploads\/2025\/07\/imgi_7_logo_jodoin_footer.png","contentUrl":"https:\/\/pourvoiriejodoin.com\/wp-content\/uploads\/2025\/07\/imgi_7_logo_jodoin_footer.png","width":207,"height":200,"caption":"Pourvoirie Jodoin"},"image":{"@id":"https:\/\/pourvoiriejodoin.com\/es\/#\/schema\/logo\/image\/"},"sameAs":["https:\/\/www.facebook.com\/Pourvoiriejodoin\/"]}]}},"_links":{"self":[{"href":"https:\/\/pourvoiriejodoin.com\/es\/wp-json\/wp\/v2\/pages\/1318","targetHints":{"allow":["GET"]}}],"collection":[{"href":"https:\/\/pourvoiriejodoin.com\/es\/wp-json\/wp\/v2\/pages"}],"about":[{"href":"https:\/\/pourvoiriejodoin.com\/es\/wp-json\/wp\/v2\/types\/page"}],"author":[{"embeddable":true,"href":"https:\/\/pourvoiriejodoin.com\/es\/wp-json\/wp\/v2\/users\/4"}],"replies":[{"embeddable":true,"href":"https:\/\/pourvoiriejodoin.com\/es\/wp-json\/wp\/v2\/comments?post=1318"}],"version-history":[{"count":12,"href":"https:\/\/pourvoiriejodoin.com\/es\/wp-json\/wp\/v2\/pages\/1318\/revisions"}],"predecessor-version":[{"id":8905,"href":"https:\/\/pourvoiriejodoin.com\/es\/wp-json\/wp\/v2\/pages\/1318\/revisions\/8905"}],"wp:attachment":[{"href":"https:\/\/pourvoiriejodoin.com\/es\/wp-json\/wp\/v2\/media?parent=1318"}],"curies":[{"name":"wp","href":"https:\/\/api.w.org\/{rel}","templated":true}]}}