{"id":7386,"date":"2025-08-26T10:52:30","date_gmt":"2025-08-26T14:52:30","guid":{"rendered":"https:\/\/pourvoiriejodoin.com\/geschaeftsbedingungen\/"},"modified":"2025-09-25T04:41:14","modified_gmt":"2025-09-25T08:41:14","slug":"geschaeftsbedingungen","status":"publish","type":"page","link":"https:\/\/pourvoiriejodoin.com\/de\/geschaeftsbedingungen\/","title":{"rendered":"Gesch\u00e4ftsbedingungen"},"content":{"rendered":"\t\t<div data-elementor-type=\"wp-page\" data-elementor-id=\"7386\" class=\"elementor elementor-7386 elementor-5979\" data-elementor-post-type=\"page\">\n\t\t\t\t<div class=\"elementor-element elementor-element-1f320ec elementor-section e-flex e-con-boxed e-con e-parent\" data-id=\"1f320ec\" data-element_type=\"container\" data-e-type=\"container\">\n\t\t\t\t\t<div class=\"e-con-inner\">\n\t\t<div class=\"elementor-element elementor-element-2d2a64b e-con-full e-flex e-con e-child\" data-id=\"2d2a64b\" data-element_type=\"container\" data-e-type=\"container\" data-settings=\"{&quot;background_background&quot;:&quot;classic&quot;}\">\n\t\t<div class=\"elementor-element elementor-element-9e04baa e-con-full e-flex e-con e-child\" data-id=\"9e04baa\" data-element_type=\"container\" data-e-type=\"container\">\n\t\t\t\t<div class=\"elementor-element elementor-element-83c94f6 elementor-widget__width-initial elementor-widget elementor-widget-heading\" data-id=\"83c94f6\" data-element_type=\"widget\" data-e-type=\"widget\" data-widget_type=\"heading.default\">\n\t\t\t\t\t<h2 class=\"elementor-heading-title elementor-size-default\">Gesch\u00e4ftsbedingungen\n<\/h2>\t\t\t\t<\/div>\n\t\t\t\t<div class=\"elementor-element elementor-element-43c735d elementor-widget__width-initial elementor-widget elementor-widget-text-editor\" data-id=\"43c735d\" data-element_type=\"widget\" data-e-type=\"widget\" data-widget_type=\"text-editor.default\">\n\t\t\t\t\t\t\t\t\t<p><strong>Buchungsbest\u00e4tigung und Anzahlung<\/strong><\/p><p>Eine Reservierung gilt nach Eingang einer Anzahlung von 25% des Gesamtbetrags als best\u00e4tigt. Der Restbetrag wird bei der Ankunft bezahlt. <\/p><p><strong>Zahlungsarten<\/strong><\/p><p>Zahlungen k\u00f6nnen per Bank\u00fcberweisung, Kreditkarte oder einer anderen bei der Buchung angegebenen Zahlungsmethode erfolgen. Alle Zahlungen m\u00fcssen gem\u00e4\u00df den Anweisungen der Unterkunft erfolgen. <\/p><p><strong>Stornierungs- und R\u00fcckerstattungsbedingungen<\/strong><\/p><p>&#8211; Bei einer Stornierung, die mehr als sechzig (60) Tage vor dem geplanten Ankunftsdatum erfolgt, haben Sie Anspruch auf eine vollst\u00e4ndige R\u00fcckerstattung der gezahlten Betr\u00e4ge.<\/p><p><strong>Modifikationen und \u00c4nderungen<\/strong><\/p><p>Anfragen zur \u00c4nderung der Reservierung unterliegen der Verf\u00fcgbarkeit und k\u00f6nnen zus\u00e4tzliche Geb\u00fchren nach sich ziehen.<\/p><p><strong>Zahlungsverzug und Nichtzahlung<\/strong><\/p><p>Wird der Restbetrag nicht bis zum angegebenen F\u00e4lligkeitsdatum bezahlt, kann dies zur fristlosen Stornierung der Reservierung und zum Verlust etwaiger geleisteter Anzahlungen f\u00fchren.<\/p><p><strong>Zus\u00e4tzliche Geb\u00fchren<\/strong><\/p><p>Alle w\u00e4hrend des Aufenthalts anfallenden Nebenkosten, Sch\u00e4den oder Kosten, einschlie\u00dflich zus\u00e4tzlicher Bettw\u00e4sche, versp\u00e4teter Abreise oder Sch\u00e4den, sind bei der Abreise oder wie anderweitig vereinbart zu zahlen.<\/p>\t\t\t\t\t\t\t\t<\/div>\n\t\t\t\t<\/div>\n\t\t<div class=\"elementor-element elementor-element-bdbb98d e-con-full e-flex e-con e-child\" data-id=\"bdbb98d\" data-element_type=\"container\" data-e-type=\"container\">\n\t\t\t\t<div class=\"elementor-element elementor-element-8750008 elementor-widget__width-initial elementor-widget elementor-widget-heading\" data-id=\"8750008\" data-element_type=\"widget\" data-e-type=\"widget\" data-widget_type=\"heading.default\">\n\t\t\t\t\t<h2 class=\"elementor-heading-title elementor-size-default\">Datenschutzrichtlinie\n<\/h2>\t\t\t\t<\/div>\n\t\t\t\t<div class=\"elementor-element elementor-element-372c681 elementor-widget__width-initial elementor-widget elementor-widget-text-editor\" data-id=\"372c681\" data-element_type=\"widget\" data-e-type=\"widget\" data-widget_type=\"text-editor.default\">\n\t\t\t\t\t\t\t\t\t<p>Wir respektieren Ihre Privatsph\u00e4re und verpflichten uns, Ihre pers\u00f6nlichen Daten bei der Zahlung Ihrer Chalet-Reservierung zu sch\u00fctzen. Diese Datenschutzrichtlinie erl\u00e4utert, wie wir Ihre Daten w\u00e4hrend des Zahlungsvorgangs erheben, verwenden und sch\u00fctzen. <\/p><p><strong>Datenerhebung<\/strong><\/p><p>Wenn Sie eine Zahlung t\u00e4tigen, erfassen wir m\u00f6glicherweise die folgenden Informationen:<\/p><p>&#8211; Pers\u00f6nliche Informationen: Name, Adresse, E-Mail und Telefonnummer<\/p><p>&#8211; Zahlungsinformationen: Kredit-\/Debitkartennummer, Ablaufdatum, Sicherheitscode und Rechnungsadresse<\/p><p>&#8211; Transaktionsinformationen: Datum, Betrag und Zahlungsmethode<\/p><p><strong>Verwendung der Daten<\/strong><\/p><p>Ihre Daten werden ausschlie\u00dflich zur Zahlungsabwicklung, Buchungsbest\u00e4tigung und Verwaltung Ihres Aufenthalts verwendet. Wir k\u00f6nnen Ihre Kontaktdaten auch verwenden, um Ihnen Buchungsbest\u00e4tigungen oder Aktualisierungen zu Ihrer Buchung zu senden. <\/p><p><strong>Datensicherheit<\/strong><\/p><p>Wir ergreifen geeignete technische und organisatorische Ma\u00dfnahmen, um Ihre personenbezogenen Daten vor unbefugtem Zugriff, Offenlegung, \u00c4nderung oder Zerst\u00f6rung zu sch\u00fctzen. Alle Zahlungstransaktionen werden durch branchen\u00fcbliche verschl\u00fcsselte Zahlungsgateways gesichert. <\/p><p><strong>Datenweitergabe<\/strong><\/p><p>Ihre Zahlungsinformationen werden von sicheren Drittanbietern verarbeitet. Wir speichern nicht alle Ihre Zahlungsinformationen auf unseren Servern. Ihre Daten werden nur an diese vertrauensw\u00fcrdigen Drittanbieter weitergegeben, um Ihre Transaktion abzuschlie\u00dfen und gesetzliche Verpflichtungen zu erf\u00fcllen.  <\/p><p><br><strong>Datenaufbewahrung<\/strong><\/p><p>Wir speichern Ihre personenbezogenen Daten nur so lange, wie es zur Erf\u00fcllung der in dieser Datenschutzrichtlinie beschriebenen Zwecke oder wie gesetzlich vorgeschrieben erforderlich ist. Zahlungsinformationen werden sicher gel\u00f6scht oder anonymisiert, sobald sie nicht mehr ben\u00f6tigt werden. <\/p><p><strong>Ihre Rechte<\/strong><\/p><p>Sie haben das Recht, auf Ihre personenbezogenen Daten zuzugreifen, sie zu berichtigen oder ihre L\u00f6schung zu verlangen. Um diese Rechte auszu\u00fcben oder bei Fragen zu unseren Datenschutzpraktiken kontaktieren Sie uns bitte unter [Kontaktdaten einf\u00fcgen]. <\/p><p><strong>\u00c4nderungen dieser Datenschutzrichtlinie<\/strong><\/p><p>Wir behalten uns das Recht vor, diese Datenschutzrichtlinie jederzeit zu aktualisieren. \u00c4nderungen werden auf unserer Website mit dem aktualisierten Datum des Inkrafttretens ver\u00f6ffentlicht. <\/p><p><strong>Kontaktieren Sie uns<\/strong><\/p><p>Bei Fragen zu unseren Datenschutzpraktiken kontaktieren Sie uns bitte unter <a href=\"mailto:info@pourvoiriejodoin.com\">info@pourvoiriejodoin.com<\/a><\/p>\t\t\t\t\t\t\t\t<\/div>\n\t\t\t\t<\/div>\n\t\t\t\t<\/div>\n\t\t<div class=\"elementor-element elementor-element-aad422d e-con-full e-flex e-con e-child\" data-id=\"aad422d\" data-element_type=\"container\" data-e-type=\"container\" data-settings=\"{&quot;background_background&quot;:&quot;classic&quot;}\">\n\t\t\t\t<\/div>\n\t\t\t\t\t<\/div>\n\t\t\t\t<\/div>\n\t\t\t\t<\/div>\n\t\t","protected":false},"excerpt":{"rendered":"<p>Gesch\u00e4ftsbedingungen Buchungsbest\u00e4tigung und Anzahlung Eine Reservierung gilt nach Eingang einer Anzahlung von 25% des Gesamtbetrags als best\u00e4tigt. Der Restbetrag wird bei der Ankunft bezahlt. Zahlungsarten Zahlungen k\u00f6nnen per Bank\u00fcberweisung, Kreditkarte oder einer anderen bei der Buchung angegebenen Zahlungsmethode erfolgen. Alle Zahlungen m\u00fcssen gem\u00e4\u00df den Anweisungen der Unterkunft erfolgen. Stornierungs- und R\u00fcckerstattungsbedingungen &#8211; Bei einer Stornierung, [&hellip;]<\/p>\n","protected":false},"author":8,"featured_media":0,"parent":0,"menu_order":0,"comment_status":"closed","ping_status":"closed","template":"","meta":{"_acf_changed":false,"footnotes":""},"class_list":["post-7386","page","type-page","status-publish","hentry"],"acf":[],"yoast_head":"<!-- This site is optimized with the Yoast SEO Premium plugin v25.4 (Yoast SEO v27.3) - https:\/\/yoast.com\/product\/yoast-seo-premium-wordpress\/ -->\n<title>Gesch\u00e4ftsbedingungen - Pourvoirie Jodoin<\/title>\n<meta name=\"robots\" content=\"index, follow, max-snippet:-1, max-image-preview:large, max-video-preview:-1\" \/>\n<link rel=\"canonical\" href=\"https:\/\/pourvoiriejodoin.com\/de\/geschaeftsbedingungen\/\" \/>\n<meta property=\"og:locale\" content=\"de_DE\" \/>\n<meta property=\"og:type\" content=\"article\" \/>\n<meta property=\"og:title\" content=\"Gesch\u00e4ftsbedingungen\" \/>\n<meta property=\"og:description\" content=\"Gesch\u00e4ftsbedingungen Buchungsbest\u00e4tigung und Anzahlung Eine Reservierung gilt nach Eingang einer Anzahlung von 25% des Gesamtbetrags als best\u00e4tigt. Der Restbetrag wird bei der Ankunft bezahlt. Zahlungsarten Zahlungen k\u00f6nnen per Bank\u00fcberweisung, Kreditkarte oder einer anderen bei der Buchung angegebenen Zahlungsmethode erfolgen. Alle Zahlungen m\u00fcssen gem\u00e4\u00df den Anweisungen der Unterkunft erfolgen. Stornierungs- und R\u00fcckerstattungsbedingungen &#8211; Bei einer Stornierung, [&hellip;]\" \/>\n<meta property=\"og:url\" content=\"https:\/\/pourvoiriejodoin.com\/de\/geschaeftsbedingungen\/\" \/>\n<meta property=\"og:site_name\" content=\"Pourvoirie Jodoin\" \/>\n<meta property=\"article:publisher\" content=\"https:\/\/www.facebook.com\/Pourvoiriejodoin\/\" \/>\n<meta property=\"article:modified_time\" content=\"2025-09-25T08:41:14+00:00\" \/>\n<meta name=\"twitter:card\" content=\"summary_large_image\" \/>\n<meta name=\"twitter:label1\" content=\"Gesch\u00e4tzte Lesezeit\" \/>\n\t<meta name=\"twitter:data1\" content=\"2\u00a0Minuten\" \/>\n<script type=\"application\/ld+json\" class=\"yoast-schema-graph\">{\"@context\":\"https:\\\/\\\/schema.org\",\"@graph\":[{\"@type\":\"WebPage\",\"@id\":\"https:\\\/\\\/pourvoiriejodoin.com\\\/de\\\/geschaeftsbedingungen\\\/\",\"url\":\"https:\\\/\\\/pourvoiriejodoin.com\\\/de\\\/geschaeftsbedingungen\\\/\",\"name\":\"Gesch\u00e4ftsbedingungen - Pourvoirie Jodoin\",\"isPartOf\":{\"@id\":\"https:\\\/\\\/pourvoiriejodoin.com\\\/de\\\/#website\"},\"datePublished\":\"2025-08-26T14:52:30+00:00\",\"dateModified\":\"2025-09-25T08:41:14+00:00\",\"breadcrumb\":{\"@id\":\"https:\\\/\\\/pourvoiriejodoin.com\\\/de\\\/geschaeftsbedingungen\\\/#breadcrumb\"},\"inLanguage\":\"de\",\"potentialAction\":[{\"@type\":\"ReadAction\",\"target\":[\"https:\\\/\\\/pourvoiriejodoin.com\\\/de\\\/geschaeftsbedingungen\\\/\"]}]},{\"@type\":\"BreadcrumbList\",\"@id\":\"https:\\\/\\\/pourvoiriejodoin.com\\\/de\\\/geschaeftsbedingungen\\\/#breadcrumb\",\"itemListElement\":[{\"@type\":\"ListItem\",\"position\":1,\"name\":\"Home\",\"item\":\"https:\\\/\\\/pourvoiriejodoin.com\\\/de\\\/?lang=de\"},{\"@type\":\"ListItem\",\"position\":2,\"name\":\"Gesch\u00e4ftsbedingungen\"}]},{\"@type\":\"WebSite\",\"@id\":\"https:\\\/\\\/pourvoiriejodoin.com\\\/de\\\/#website\",\"url\":\"https:\\\/\\\/pourvoiriejodoin.com\\\/de\\\/\",\"name\":\"Pourvoirie Jodoin\",\"description\":\"\",\"publisher\":{\"@id\":\"https:\\\/\\\/pourvoiriejodoin.com\\\/de\\\/#organization\"},\"potentialAction\":[{\"@type\":\"SearchAction\",\"target\":{\"@type\":\"EntryPoint\",\"urlTemplate\":\"https:\\\/\\\/pourvoiriejodoin.com\\\/de\\\/?s={search_term_string}\"},\"query-input\":{\"@type\":\"PropertyValueSpecification\",\"valueRequired\":true,\"valueName\":\"search_term_string\"}}],\"inLanguage\":\"de\"},{\"@type\":\"Organization\",\"@id\":\"https:\\\/\\\/pourvoiriejodoin.com\\\/de\\\/#organization\",\"name\":\"Pourvoirie Jodoin\",\"url\":\"https:\\\/\\\/pourvoiriejodoin.com\\\/de\\\/\",\"logo\":{\"@type\":\"ImageObject\",\"inLanguage\":\"de\",\"@id\":\"https:\\\/\\\/pourvoiriejodoin.com\\\/de\\\/#\\\/schema\\\/logo\\\/image\\\/\",\"url\":\"https:\\\/\\\/pourvoiriejodoin.com\\\/wp-content\\\/uploads\\\/2025\\\/07\\\/imgi_7_logo_jodoin_footer.png\",\"contentUrl\":\"https:\\\/\\\/pourvoiriejodoin.com\\\/wp-content\\\/uploads\\\/2025\\\/07\\\/imgi_7_logo_jodoin_footer.png\",\"width\":207,\"height\":200,\"caption\":\"Pourvoirie Jodoin\"},\"image\":{\"@id\":\"https:\\\/\\\/pourvoiriejodoin.com\\\/de\\\/#\\\/schema\\\/logo\\\/image\\\/\"},\"sameAs\":[\"https:\\\/\\\/www.facebook.com\\\/Pourvoiriejodoin\\\/\"]}]}<\/script>\n<!-- \/ Yoast SEO Premium plugin. -->","yoast_head_json":{"title":"Gesch\u00e4ftsbedingungen - Pourvoirie Jodoin","robots":{"index":"index","follow":"follow","max-snippet":"max-snippet:-1","max-image-preview":"max-image-preview:large","max-video-preview":"max-video-preview:-1"},"canonical":"https:\/\/pourvoiriejodoin.com\/de\/geschaeftsbedingungen\/","og_locale":"de_DE","og_type":"article","og_title":"Gesch\u00e4ftsbedingungen","og_description":"Gesch\u00e4ftsbedingungen Buchungsbest\u00e4tigung und Anzahlung Eine Reservierung gilt nach Eingang einer Anzahlung von 25% des Gesamtbetrags als best\u00e4tigt. Der Restbetrag wird bei der Ankunft bezahlt. Zahlungsarten Zahlungen k\u00f6nnen per Bank\u00fcberweisung, Kreditkarte oder einer anderen bei der Buchung angegebenen Zahlungsmethode erfolgen. Alle Zahlungen m\u00fcssen gem\u00e4\u00df den Anweisungen der Unterkunft erfolgen. Stornierungs- und R\u00fcckerstattungsbedingungen &#8211; Bei einer Stornierung, [&hellip;]","og_url":"https:\/\/pourvoiriejodoin.com\/de\/geschaeftsbedingungen\/","og_site_name":"Pourvoirie Jodoin","article_publisher":"https:\/\/www.facebook.com\/Pourvoiriejodoin\/","article_modified_time":"2025-09-25T08:41:14+00:00","twitter_card":"summary_large_image","twitter_misc":{"Gesch\u00e4tzte Lesezeit":"2\u00a0Minuten"},"schema":{"@context":"https:\/\/schema.org","@graph":[{"@type":"WebPage","@id":"https:\/\/pourvoiriejodoin.com\/de\/geschaeftsbedingungen\/","url":"https:\/\/pourvoiriejodoin.com\/de\/geschaeftsbedingungen\/","name":"Gesch\u00e4ftsbedingungen - Pourvoirie Jodoin","isPartOf":{"@id":"https:\/\/pourvoiriejodoin.com\/de\/#website"},"datePublished":"2025-08-26T14:52:30+00:00","dateModified":"2025-09-25T08:41:14+00:00","breadcrumb":{"@id":"https:\/\/pourvoiriejodoin.com\/de\/geschaeftsbedingungen\/#breadcrumb"},"inLanguage":"de","potentialAction":[{"@type":"ReadAction","target":["https:\/\/pourvoiriejodoin.com\/de\/geschaeftsbedingungen\/"]}]},{"@type":"BreadcrumbList","@id":"https:\/\/pourvoiriejodoin.com\/de\/geschaeftsbedingungen\/#breadcrumb","itemListElement":[{"@type":"ListItem","position":1,"name":"Home","item":"https:\/\/pourvoiriejodoin.com\/de\/?lang=de"},{"@type":"ListItem","position":2,"name":"Gesch\u00e4ftsbedingungen"}]},{"@type":"WebSite","@id":"https:\/\/pourvoiriejodoin.com\/de\/#website","url":"https:\/\/pourvoiriejodoin.com\/de\/","name":"Pourvoirie Jodoin","description":"","publisher":{"@id":"https:\/\/pourvoiriejodoin.com\/de\/#organization"},"potentialAction":[{"@type":"SearchAction","target":{"@type":"EntryPoint","urlTemplate":"https:\/\/pourvoiriejodoin.com\/de\/?s={search_term_string}"},"query-input":{"@type":"PropertyValueSpecification","valueRequired":true,"valueName":"search_term_string"}}],"inLanguage":"de"},{"@type":"Organization","@id":"https:\/\/pourvoiriejodoin.com\/de\/#organization","name":"Pourvoirie Jodoin","url":"https:\/\/pourvoiriejodoin.com\/de\/","logo":{"@type":"ImageObject","inLanguage":"de","@id":"https:\/\/pourvoiriejodoin.com\/de\/#\/schema\/logo\/image\/","url":"https:\/\/pourvoiriejodoin.com\/wp-content\/uploads\/2025\/07\/imgi_7_logo_jodoin_footer.png","contentUrl":"https:\/\/pourvoiriejodoin.com\/wp-content\/uploads\/2025\/07\/imgi_7_logo_jodoin_footer.png","width":207,"height":200,"caption":"Pourvoirie Jodoin"},"image":{"@id":"https:\/\/pourvoiriejodoin.com\/de\/#\/schema\/logo\/image\/"},"sameAs":["https:\/\/www.facebook.com\/Pourvoiriejodoin\/"]}]}},"_links":{"self":[{"href":"https:\/\/pourvoiriejodoin.com\/de\/wp-json\/wp\/v2\/pages\/7386","targetHints":{"allow":["GET"]}}],"collection":[{"href":"https:\/\/pourvoiriejodoin.com\/de\/wp-json\/wp\/v2\/pages"}],"about":[{"href":"https:\/\/pourvoiriejodoin.com\/de\/wp-json\/wp\/v2\/types\/page"}],"author":[{"embeddable":true,"href":"https:\/\/pourvoiriejodoin.com\/de\/wp-json\/wp\/v2\/users\/8"}],"replies":[{"embeddable":true,"href":"https:\/\/pourvoiriejodoin.com\/de\/wp-json\/wp\/v2\/comments?post=7386"}],"version-history":[{"count":1,"href":"https:\/\/pourvoiriejodoin.com\/de\/wp-json\/wp\/v2\/pages\/7386\/revisions"}],"predecessor-version":[{"id":7387,"href":"https:\/\/pourvoiriejodoin.com\/de\/wp-json\/wp\/v2\/pages\/7386\/revisions\/7387"}],"wp:attachment":[{"href":"https:\/\/pourvoiriejodoin.com\/de\/wp-json\/wp\/v2\/media?parent=7386"}],"curies":[{"name":"wp","href":"https:\/\/api.w.org\/{rel}","templated":true}]}}