{"id":2388,"date":"2025-07-10T06:47:44","date_gmt":"2025-07-10T10:47:44","guid":{"rendered":"https:\/\/pourvoiriejodoin.com\/?page_id=2388"},"modified":"2026-01-14T07:33:49","modified_gmt":"2026-01-14T12:33:49","slug":"willkommen","status":"publish","type":"page","link":"https:\/\/pourvoiriejodoin.com\/de\/","title":{"rendered":"Willkommen"},"content":{"rendered":"\t\t<div data-elementor-type=\"wp-page\" data-elementor-id=\"2388\" class=\"elementor elementor-2388 elementor-1144\" data-elementor-post-type=\"page\">\n\t\t\t\t<div class=\"elementor-element elementor-element-ce7acad e-con-full e-flex e-con e-parent\" data-id=\"ce7acad\" data-element_type=\"container\" data-e-type=\"container\">\n\t\t\t\t<div class=\"elementor-element elementor-element-d99e088 elementor-arrows-position-inside elementor-widget elementor-widget-n-carousel\" data-id=\"d99e088\" data-element_type=\"widget\" data-e-type=\"widget\" data-settings=\"{&quot;carousel_items&quot;:[{&quot;slide_title&quot;:&quot;Slide #1&quot;,&quot;_id&quot;:&quot;b6b1b04&quot;},{&quot;slide_title&quot;:&quot;Slide #2&quot;,&quot;_id&quot;:&quot;706bd60&quot;},{&quot;slide_title&quot;:&quot;Slide #3&quot;,&quot;_id&quot;:&quot;c52d6cd&quot;}],&quot;slides_to_show&quot;:&quot;1&quot;,&quot;slides_to_show_tablet&quot;:&quot;1&quot;,&quot;slides_to_scroll&quot;:&quot;1&quot;,&quot;autoplay_speed&quot;:3000,&quot;slides_to_show_mobile&quot;:&quot;1&quot;,&quot;autoplay&quot;:&quot;yes&quot;,&quot;infinite&quot;:&quot;yes&quot;,&quot;speed&quot;:500,&quot;offset_sides&quot;:&quot;none&quot;,&quot;arrows&quot;:&quot;yes&quot;,&quot;image_spacing_custom&quot;:{&quot;unit&quot;:&quot;px&quot;,&quot;size&quot;:10,&quot;sizes&quot;:[]},&quot;image_spacing_custom_tablet&quot;:{&quot;unit&quot;:&quot;px&quot;,&quot;size&quot;:&quot;&quot;,&quot;sizes&quot;:[]},&quot;image_spacing_custom_mobile&quot;:{&quot;unit&quot;:&quot;px&quot;,&quot;size&quot;:&quot;&quot;,&quot;sizes&quot;:[]}}\" data-widget_type=\"nested-carousel.default\">\n\t\t\t\t\t\t\t<div class=\"e-n-carousel swiper\" role=\"region\" aria-roledescription=\"carousel\" aria-label=\"Carousel\" dir=\"ltr\">\n\t\t\t<div class=\"swiper-wrapper\" aria-live=\"off\">\n\t\t\t\t\t\t\t\t\t\t<div class=\"swiper-slide\" data-slide=\"1\" role=\"group\" aria-roledescription=\"slide\" aria-label=\"1 of 3\">\n\t\t\t\t\t\t\t<div class=\"elementor-element elementor-element-0575034 e-flex e-con-boxed e-con e-child\" data-id=\"0575034\" data-element_type=\"container\" data-e-type=\"container\">\n\t\t\t\t\t<div class=\"e-con-inner\">\n\t\t<div class=\"elementor-element elementor-element-fffa0c9 e-con-full e-flex e-con e-child\" data-id=\"fffa0c9\" data-element_type=\"container\" data-e-type=\"container\" data-settings=\"{&quot;background_background&quot;:&quot;classic&quot;}\">\n\t\t\t\t<div class=\"elementor-element elementor-element-e35454b elementor-absolute elementor-widget elementor-widget-image\" data-id=\"e35454b\" data-element_type=\"widget\" data-e-type=\"widget\" data-settings=\"{&quot;_position&quot;:&quot;absolute&quot;}\" data-widget_type=\"image.default\">\n\t\t\t\t\t\t\t\t\t\t\t\t\t\t\t<img fetchpriority=\"high\" decoding=\"async\" width=\"337\" height=\"342\" src=\"https:\/\/pourvoiriejodoin.com\/wp-content\/uploads\/2025\/07\/cercle_titre.png\" class=\"attachment-full size-full wp-image-4225\" alt=\"\" srcset=\"https:\/\/pourvoiriejodoin.com\/wp-content\/uploads\/2025\/07\/cercle_titre.png 337w, https:\/\/pourvoiriejodoin.com\/wp-content\/uploads\/2025\/07\/cercle_titre-296x300.png 296w\" sizes=\"(max-width: 337px) 100vw, 337px\" \/>\t\t\t\t\t\t\t\t\t\t\t\t\t\t\t<\/div>\n\t\t<div class=\"elementor-element elementor-element-ba16739 e-con-full e-flex e-con e-child\" data-id=\"ba16739\" data-element_type=\"container\" data-e-type=\"container\" data-settings=\"{&quot;position&quot;:&quot;absolute&quot;}\">\n\t\t\t\t<div class=\"elementor-element elementor-element-9a88593 text-bold elementor-widget elementor-widget-heading\" data-id=\"9a88593\" data-element_type=\"widget\" data-e-type=\"widget\" data-widget_type=\"heading.default\">\n\t\t\t\t\t<h2 class=\"elementor-heading-title elementor-size-default\">VERSCHIEDENE <br><strong>H\u00dcTTEN<\/strong><\/h2>\t\t\t\t<\/div>\n\t\t\t\t<div class=\"elementor-element elementor-element-e606300 elementor-absolute elementor-widget elementor-widget-heading\" data-id=\"e606300\" data-element_type=\"widget\" data-e-type=\"widget\" data-settings=\"{&quot;_position&quot;:&quot;absolute&quot;}\" data-widget_type=\"heading.default\">\n\t\t\t\t\t<h2 class=\"elementor-heading-title elementor-size-default\">um Ihnen besser <br> gerecht zu werden<\/h2>\t\t\t\t<\/div>\n\t\t\t\t<\/div>\n\t\t\t\t<\/div>\n\t\t\t\t\t<\/div>\n\t\t\t\t<\/div>\n\t\t\t\t\t\t\t\t<\/div>\n\t\t\t\t\t\t\t\t\t\t\t<div class=\"swiper-slide\" data-slide=\"2\" role=\"group\" aria-roledescription=\"slide\" aria-label=\"2 of 3\">\n\t\t\t\t\t\t\t<div class=\"elementor-element elementor-element-a0dc897 e-flex e-con-boxed e-con e-child\" data-id=\"a0dc897\" data-element_type=\"container\" data-e-type=\"container\">\n\t\t\t\t\t<div class=\"e-con-inner\">\n\t\t<div class=\"elementor-element elementor-element-8004709 e-con-full e-flex e-con e-child\" data-id=\"8004709\" data-element_type=\"container\" data-e-type=\"container\" data-settings=\"{&quot;background_background&quot;:&quot;classic&quot;}\">\n\t\t\t\t<div class=\"elementor-element elementor-element-10bb426 elementor-absolute elementor-widget elementor-widget-image\" data-id=\"10bb426\" data-element_type=\"widget\" data-e-type=\"widget\" data-settings=\"{&quot;_position&quot;:&quot;absolute&quot;}\" data-widget_type=\"image.default\">\n\t\t\t\t\t\t\t\t\t\t\t\t\t\t\t<img fetchpriority=\"high\" decoding=\"async\" width=\"337\" height=\"342\" src=\"https:\/\/pourvoiriejodoin.com\/wp-content\/uploads\/2025\/07\/cercle_titre.png\" class=\"attachment-full size-full wp-image-4225\" alt=\"\" srcset=\"https:\/\/pourvoiriejodoin.com\/wp-content\/uploads\/2025\/07\/cercle_titre.png 337w, https:\/\/pourvoiriejodoin.com\/wp-content\/uploads\/2025\/07\/cercle_titre-296x300.png 296w\" sizes=\"(max-width: 337px) 100vw, 337px\" \/>\t\t\t\t\t\t\t\t\t\t\t\t\t\t\t<\/div>\n\t\t<div class=\"elementor-element elementor-element-8291282 e-con-full e-flex e-con e-child\" data-id=\"8291282\" data-element_type=\"container\" data-e-type=\"container\" data-settings=\"{&quot;position&quot;:&quot;absolute&quot;}\">\n\t\t\t\t<div class=\"elementor-element elementor-element-2fc3e37 text-bold elementor-widget elementor-widget-heading\" data-id=\"2fc3e37\" data-element_type=\"widget\" data-e-type=\"widget\" data-widget_type=\"heading.default\">\n\t\t\t\t\t<h2 class=\"elementor-heading-title elementor-size-default\">Come  <br><strong>enjoy<\/strong><\/h2>\t\t\t\t<\/div>\n\t\t\t\t<div class=\"elementor-element elementor-element-83e00c5 elementor-widget elementor-widget-heading\" data-id=\"83e00c5\" data-element_type=\"widget\" data-e-type=\"widget\" data-widget_type=\"heading.default\">\n\t\t\t\t\t<h2 class=\"elementor-heading-title elementor-size-default\">your favorite <br>  activities<\/h2>\t\t\t\t<\/div>\n\t\t\t\t<\/div>\n\t\t\t\t<\/div>\n\t\t\t\t\t<\/div>\n\t\t\t\t<\/div>\n\t\t\t\t\t\t\t\t<\/div>\n\t\t\t\t\t\t\t\t\t\t\t<div class=\"swiper-slide\" data-slide=\"3\" role=\"group\" aria-roledescription=\"slide\" aria-label=\"3 of 3\">\n\t\t\t\t\t\t\t<div class=\"elementor-element elementor-element-85b43c0 e-flex e-con-boxed e-con e-child\" data-id=\"85b43c0\" data-element_type=\"container\" data-e-type=\"container\">\n\t\t\t\t\t<div class=\"e-con-inner\">\n\t\t<div class=\"elementor-element elementor-element-bc6508f e-con-full e-flex e-con e-child\" data-id=\"bc6508f\" data-element_type=\"container\" data-e-type=\"container\" data-settings=\"{&quot;background_background&quot;:&quot;classic&quot;}\">\n\t\t\t\t<div class=\"elementor-element elementor-element-26e5403 elementor-absolute elementor-widget elementor-widget-image\" data-id=\"26e5403\" data-element_type=\"widget\" data-e-type=\"widget\" data-settings=\"{&quot;_position&quot;:&quot;absolute&quot;}\" data-widget_type=\"image.default\">\n\t\t\t\t\t\t\t\t\t\t\t\t\t\t\t<img fetchpriority=\"high\" decoding=\"async\" width=\"337\" height=\"342\" src=\"https:\/\/pourvoiriejodoin.com\/wp-content\/uploads\/2025\/07\/cercle_titre.png\" class=\"attachment-full size-full wp-image-4225\" alt=\"\" srcset=\"https:\/\/pourvoiriejodoin.com\/wp-content\/uploads\/2025\/07\/cercle_titre.png 337w, https:\/\/pourvoiriejodoin.com\/wp-content\/uploads\/2025\/07\/cercle_titre-296x300.png 296w\" sizes=\"(max-width: 337px) 100vw, 337px\" \/>\t\t\t\t\t\t\t\t\t\t\t\t\t\t\t<\/div>\n\t\t<div class=\"elementor-element elementor-element-d2fdee9 e-con-full e-flex e-con e-child\" data-id=\"d2fdee9\" data-element_type=\"container\" data-e-type=\"container\" data-settings=\"{&quot;position&quot;:&quot;absolute&quot;}\">\n\t\t\t\t<div class=\"elementor-element elementor-element-16028fc text-bold elementor-widget elementor-widget-heading\" data-id=\"16028fc\" data-element_type=\"widget\" data-e-type=\"widget\" data-widget_type=\"heading.default\">\n\t\t\t\t\t<h2 class=\"elementor-heading-title elementor-size-default\">A  <br><strong>paradise<\/strong><\/h2>\t\t\t\t<\/div>\n\t\t\t\t<div class=\"elementor-element elementor-element-5262292 elementor-widget elementor-widget-heading\" data-id=\"5262292\" data-element_type=\"widget\" data-e-type=\"widget\" data-widget_type=\"heading.default\">\n\t\t\t\t\t<h2 class=\"elementor-heading-title elementor-size-default\">of nature <br>  to discover<\/h2>\t\t\t\t<\/div>\n\t\t\t\t<\/div>\n\t\t\t\t<\/div>\n\t\t\t\t\t<\/div>\n\t\t\t\t<\/div>\n\t\t\t\t\t\t\t\t<\/div>\n\t\t\t\t\t\t\t\t<\/div>\n\t\t<\/div>\n\t\t\t\t\t<div class=\"elementor-swiper-button elementor-swiper-button-prev\" role=\"button\" tabindex=\"0\" aria-label=\"Previous\">\n\t\t\t\t<svg aria-hidden=\"true\" class=\"e-font-icon-svg e-eicon-chevron-left\" viewBox=\"0 0 1000 1000\" xmlns=\"http:\/\/www.w3.org\/2000\/svg\"><path d=\"M646 125C629 125 613 133 604 142L308 442C296 454 292 471 292 487 292 504 296 521 308 533L604 854C617 867 629 875 646 875 663 875 679 871 692 858 704 846 713 829 713 812 713 796 708 779 692 767L438 487 692 225C700 217 708 204 708 187 708 171 704 154 692 142 675 129 663 125 646 125Z\"><\/path><\/svg>\t\t\t<\/div>\n\t\t\t<div class=\"elementor-swiper-button elementor-swiper-button-next\" role=\"button\" tabindex=\"0\" aria-label=\"Next\">\n\t\t\t\t<svg aria-hidden=\"true\" class=\"e-font-icon-svg e-eicon-chevron-right\" viewBox=\"0 0 1000 1000\" xmlns=\"http:\/\/www.w3.org\/2000\/svg\"><path d=\"M696 533C708 521 713 504 713 487 713 471 708 454 696 446L400 146C388 133 375 125 354 125 338 125 325 129 313 142 300 154 292 171 292 187 292 204 296 221 308 233L563 492 304 771C292 783 288 800 288 817 288 833 296 850 308 863 321 871 338 875 354 875 371 875 388 867 400 854L696 533Z\"><\/path><\/svg>\t\t\t<\/div>\n\t\t\t\t\t\t<\/div>\n\t\t\t\t<\/div>\n\t\t<div class=\"elementor-element elementor-element-7e7d435 elementor-section e-flex e-con-boxed e-con e-parent\" data-id=\"7e7d435\" data-element_type=\"container\" data-e-type=\"container\" id=\"welcome\">\n\t\t\t\t\t<div class=\"e-con-inner\">\n\t\t<div class=\"elementor-element elementor-element-36742fa e-con-full e-flex e-con e-child\" data-id=\"36742fa\" data-element_type=\"container\" data-e-type=\"container\" data-settings=\"{&quot;background_background&quot;:&quot;classic&quot;}\">\n\t\t\t\t<div class=\"elementor-element elementor-element-adfdf21 elementor-widget__width-initial elementor-widget elementor-widget-heading\" data-id=\"adfdf21\" data-element_type=\"widget\" data-e-type=\"widget\" data-widget_type=\"heading.default\">\n\t\t\t\t\t<h2 class=\"elementor-heading-title elementor-size-default\">Willkommen bei Ausr\u00fcster Jodoin<\/h2>\t\t\t\t<\/div>\n\t\t\t\t<div class=\"elementor-element elementor-element-752d761 elementor-widget__width-initial elementor-widget elementor-widget-text-editor\" data-id=\"752d761\" data-element_type=\"widget\" data-e-type=\"widget\" data-widget_type=\"text-editor.default\">\n\t\t\t\t\t\t\t\t\t<p>Entdecken Sie das ultimative Outdoor-Abenteuer bei Ausr\u00fcster Jodoin.<\/p><p>Planen Sie den Aktivurlaub Ihrer Familie und tauchen Sie in die Sch\u00f6nheit der Natur ein.<\/p><p>Unsere erstklassigen Angelpl\u00e4tze werden jeden Wunsch jedes leidenschaftlichen Anglers erf\u00fcllen. Genie\u00dfen Sie die atemberaubende Tierwelt des Ausr\u00fcsters, w\u00e4hrend Sie wilde Tiere in ihren nat\u00fcrlichen Lebensr\u00e4umen beobachten und die Ruhe der Natur wie nie zuvor genie\u00dfen.<\/p><p>Jodoin Ausr\u00fcster ist Ihr erstklassiges Ziel f\u00fcr Outdoor-Spa\u00df. Buchen Sie noch heute Ihren Aufenthalt bei uns und schaffen Sie lebenslange Erinnerungen an die sch\u00f6nsten Angebote der Natur!<\/p>\t\t\t\t\t\t\t\t<\/div>\n\t\t\t\t<\/div>\n\t\t<div class=\"elementor-element elementor-element-c5b0ee5 e-con-full e-flex e-con e-child\" data-id=\"c5b0ee5\" data-element_type=\"container\" data-e-type=\"container\" data-settings=\"{&quot;background_background&quot;:&quot;classic&quot;}\">\n\t\t\t\t<\/div>\n\t\t\t\t\t<\/div>\n\t\t\t\t<\/div>\n\t\t<div class=\"elementor-element elementor-element-f34bf56 e-flex e-con-boxed e-con e-parent\" data-id=\"f34bf56\" data-element_type=\"container\" data-e-type=\"container\" id=\"numbers\" data-settings=\"{&quot;background_background&quot;:&quot;classic&quot;}\">\n\t\t\t\t\t<div class=\"e-con-inner\">\n\t\t\t\t<div class=\"elementor-element elementor-element-fac030e elementor-widget elementor-widget-heading\" data-id=\"fac030e\" data-element_type=\"widget\" data-e-type=\"widget\" data-widget_type=\"heading.default\">\n\t\t\t\t\t<h2 class=\"elementor-heading-title elementor-size-default\">Aktuelle Informationen in Zahlen\n<\/h2>\t\t\t\t<\/div>\n\t\t\t\t<div class=\"elementor-element elementor-element-5db7ded elementor-widget__width-initial elementor-widget elementor-widget-text-editor\" data-id=\"5db7ded\" data-element_type=\"widget\" data-e-type=\"widget\" data-widget_type=\"text-editor.default\">\n\t\t\t\t\t\t\t\t\t<p>Ausr\u00fcster Jodoin befindet sich in der Region Chute St-Philippe, \u00f6stlich von Mont-Laurier, 250 km (3 Stunden) von Montreal, 220 km (2,5 Stunden) von Ottawa und 500 km (6 Stunden) von Quebec City entfernt.<\/p><p>Der Ausr\u00fcster hat 104 Quadratkilometer exklusives Gebiet der Natur und Ruhe.<\/p><p>Er hat 12 majest\u00e4tische Seen, die reich an Fisch sind und gro\u00dfartige Orte zum Sommer- und Eisfischen darstellen.<\/p><p>Unsere zw\u00f6lf 4-Sterne-Chalets bieten insgesamt Platz f\u00fcr 81 G\u00e4ste.<\/p>\t\t\t\t\t\t\t\t<\/div>\n\t\t\t\t\t<\/div>\n\t\t\t\t<\/div>\n\t\t<div class=\"elementor-element elementor-element-f37c156 e-flex e-con-boxed e-con e-parent\" data-id=\"f37c156\" data-element_type=\"container\" data-e-type=\"container\" id=\"territory\" data-settings=\"{&quot;background_background&quot;:&quot;classic&quot;}\">\n\t\t\t\t\t<div class=\"e-con-inner\">\n\t\t\t\t<div class=\"elementor-element elementor-element-1a1de97 elementor-widget elementor-widget-heading\" data-id=\"1a1de97\" data-element_type=\"widget\" data-e-type=\"widget\" data-widget_type=\"heading.default\">\n\t\t\t\t\t<h2 class=\"elementor-heading-title elementor-size-default\">Das exklusive Territorium<\/h2>\t\t\t\t<\/div>\n\t\t\t\t\t<\/div>\n\t\t\t\t<\/div>\n\t\t<div class=\"elementor-element elementor-element-dd29e9c e-con-full e-flex e-con e-parent\" data-id=\"dd29e9c\" data-element_type=\"container\" data-e-type=\"container\" data-settings=\"{&quot;background_background&quot;:&quot;classic&quot;}\">\n\t\t<div class=\"elementor-element elementor-element-a91ee92 e-con-full e-flex e-con e-child\" data-id=\"a91ee92\" data-element_type=\"container\" data-e-type=\"container\" data-settings=\"{&quot;background_background&quot;:&quot;classic&quot;}\">\n\t\t\t\t<\/div>\n\t\t<div class=\"elementor-element elementor-element-5933a45 e-con-full e-flex e-con e-child\" data-id=\"5933a45\" data-element_type=\"container\" data-e-type=\"container\" data-settings=\"{&quot;background_background&quot;:&quot;classic&quot;}\">\n\t\t\t\t<\/div>\n\t\t\t\t<\/div>\n\t\t\t\t<\/div>\n\t\t","protected":false},"excerpt":{"rendered":"<p>VERSCHIEDENE H\u00dcTTEN um Ihnen besser gerecht zu werden Come enjoy your favorite activities A paradise of nature to discover VERSCHIEDENE H\u00dcTTEN um Ihnen besser gerecht zu werden Come enjoy your favorite activities A paradise of nature to discover Willkommen bei Ausr\u00fcster Jodoin Entdecken Sie das ultimative Outdoor-Abenteuer bei Ausr\u00fcster Jodoin. Planen Sie den Aktivurlaub Ihrer [&hellip;]<\/p>\n","protected":false},"author":4,"featured_media":0,"parent":0,"menu_order":0,"comment_status":"closed","ping_status":"closed","template":"","meta":{"_acf_changed":false,"footnotes":""},"class_list":["post-2388","page","type-page","status-publish","hentry"],"acf":[],"yoast_head":"<!-- This site is optimized with the Yoast SEO Premium plugin v25.4 (Yoast SEO v27.5) - https:\/\/yoast.com\/product\/yoast-seo-premium-wordpress\/ -->\n<title>Willkommen - Pourvoirie Jodoin<\/title>\n<meta name=\"robots\" content=\"index, follow, max-snippet:-1, max-image-preview:large, max-video-preview:-1\" \/>\n<link rel=\"canonical\" href=\"https:\/\/pourvoiriejodoin.com\/de\/\" \/>\n<meta property=\"og:locale\" content=\"de_DE\" \/>\n<meta property=\"og:type\" content=\"article\" \/>\n<meta property=\"og:title\" content=\"Willkommen\" \/>\n<meta property=\"og:description\" content=\"VERSCHIEDENE H\u00dcTTEN um Ihnen besser gerecht zu werden Come enjoy your favorite activities A paradise of nature to discover VERSCHIEDENE H\u00dcTTEN um Ihnen besser gerecht zu werden Come enjoy your favorite activities A paradise of nature to discover Willkommen bei Ausr\u00fcster Jodoin Entdecken Sie das ultimative Outdoor-Abenteuer bei Ausr\u00fcster Jodoin. Planen Sie den Aktivurlaub Ihrer [&hellip;]\" \/>\n<meta property=\"og:url\" content=\"https:\/\/pourvoiriejodoin.com\/de\/\" \/>\n<meta property=\"og:site_name\" content=\"Pourvoirie Jodoin\" \/>\n<meta property=\"article:publisher\" content=\"https:\/\/www.facebook.com\/Pourvoiriejodoin\/\" \/>\n<meta property=\"article:modified_time\" content=\"2026-01-14T12:33:49+00:00\" \/>\n<meta property=\"og:image\" content=\"https:\/\/pourvoiriejodoin.com\/wp-content\/uploads\/2025\/07\/cercle_titre.png\" \/>\n<meta name=\"twitter:card\" content=\"summary_large_image\" \/>\n<meta name=\"twitter:label1\" content=\"Gesch\u00e4tzte Lesezeit\" \/>\n\t<meta name=\"twitter:data1\" content=\"3\u00a0Minuten\" \/>\n<script type=\"application\/ld+json\" class=\"yoast-schema-graph\">{\"@context\":\"https:\\\/\\\/schema.org\",\"@graph\":[{\"@type\":\"WebPage\",\"@id\":\"https:\\\/\\\/pourvoiriejodoin.com\\\/de\\\/\",\"url\":\"https:\\\/\\\/pourvoiriejodoin.com\\\/de\\\/\",\"name\":\"Willkommen - Pourvoirie Jodoin\",\"isPartOf\":{\"@id\":\"https:\\\/\\\/pourvoiriejodoin.com\\\/de\\\/#website\"},\"primaryImageOfPage\":{\"@id\":\"https:\\\/\\\/pourvoiriejodoin.com\\\/de\\\/#primaryimage\"},\"image\":{\"@id\":\"https:\\\/\\\/pourvoiriejodoin.com\\\/de\\\/#primaryimage\"},\"thumbnailUrl\":\"https:\\\/\\\/pourvoiriejodoin.com\\\/wp-content\\\/uploads\\\/2025\\\/07\\\/cercle_titre.png\",\"datePublished\":\"2025-07-10T10:47:44+00:00\",\"dateModified\":\"2026-01-14T12:33:49+00:00\",\"breadcrumb\":{\"@id\":\"https:\\\/\\\/pourvoiriejodoin.com\\\/de\\\/#breadcrumb\"},\"inLanguage\":\"de\",\"potentialAction\":[{\"@type\":\"ReadAction\",\"target\":[\"https:\\\/\\\/pourvoiriejodoin.com\\\/de\\\/\"]}]},{\"@type\":\"ImageObject\",\"inLanguage\":\"de\",\"@id\":\"https:\\\/\\\/pourvoiriejodoin.com\\\/de\\\/#primaryimage\",\"url\":\"https:\\\/\\\/pourvoiriejodoin.com\\\/wp-content\\\/uploads\\\/2025\\\/07\\\/cercle_titre.png\",\"contentUrl\":\"https:\\\/\\\/pourvoiriejodoin.com\\\/wp-content\\\/uploads\\\/2025\\\/07\\\/cercle_titre.png\"},{\"@type\":\"BreadcrumbList\",\"@id\":\"https:\\\/\\\/pourvoiriejodoin.com\\\/de\\\/#breadcrumb\",\"itemListElement\":[{\"@type\":\"ListItem\",\"position\":1,\"name\":\"Home\",\"item\":\"https:\\\/\\\/pourvoiriejodoin.com\\\/de\\\/?lang=de\"},{\"@type\":\"ListItem\",\"position\":2,\"name\":\"Willkommen\"}]},{\"@type\":\"WebSite\",\"@id\":\"https:\\\/\\\/pourvoiriejodoin.com\\\/de\\\/#website\",\"url\":\"https:\\\/\\\/pourvoiriejodoin.com\\\/de\\\/\",\"name\":\"Pourvoirie Jodoin\",\"description\":\"\",\"publisher\":{\"@id\":\"https:\\\/\\\/pourvoiriejodoin.com\\\/de\\\/#organization\"},\"potentialAction\":[{\"@type\":\"SearchAction\",\"target\":{\"@type\":\"EntryPoint\",\"urlTemplate\":\"https:\\\/\\\/pourvoiriejodoin.com\\\/de\\\/?s={search_term_string}\"},\"query-input\":{\"@type\":\"PropertyValueSpecification\",\"valueRequired\":true,\"valueName\":\"search_term_string\"}}],\"inLanguage\":\"de\"},{\"@type\":\"Organization\",\"@id\":\"https:\\\/\\\/pourvoiriejodoin.com\\\/de\\\/#organization\",\"name\":\"Pourvoirie Jodoin\",\"url\":\"https:\\\/\\\/pourvoiriejodoin.com\\\/de\\\/\",\"logo\":{\"@type\":\"ImageObject\",\"inLanguage\":\"de\",\"@id\":\"https:\\\/\\\/pourvoiriejodoin.com\\\/de\\\/#\\\/schema\\\/logo\\\/image\\\/\",\"url\":\"https:\\\/\\\/pourvoiriejodoin.com\\\/wp-content\\\/uploads\\\/2025\\\/07\\\/imgi_7_logo_jodoin_footer.png\",\"contentUrl\":\"https:\\\/\\\/pourvoiriejodoin.com\\\/wp-content\\\/uploads\\\/2025\\\/07\\\/imgi_7_logo_jodoin_footer.png\",\"width\":207,\"height\":200,\"caption\":\"Pourvoirie Jodoin\"},\"image\":{\"@id\":\"https:\\\/\\\/pourvoiriejodoin.com\\\/de\\\/#\\\/schema\\\/logo\\\/image\\\/\"},\"sameAs\":[\"https:\\\/\\\/www.facebook.com\\\/Pourvoiriejodoin\\\/\"]}]}<\/script>\n<!-- \/ Yoast SEO Premium plugin. -->","yoast_head_json":{"title":"Willkommen - Pourvoirie Jodoin","robots":{"index":"index","follow":"follow","max-snippet":"max-snippet:-1","max-image-preview":"max-image-preview:large","max-video-preview":"max-video-preview:-1"},"canonical":"https:\/\/pourvoiriejodoin.com\/de\/","og_locale":"de_DE","og_type":"article","og_title":"Willkommen","og_description":"VERSCHIEDENE H\u00dcTTEN um Ihnen besser gerecht zu werden Come enjoy your favorite activities A paradise of nature to discover VERSCHIEDENE H\u00dcTTEN um Ihnen besser gerecht zu werden Come enjoy your favorite activities A paradise of nature to discover Willkommen bei Ausr\u00fcster Jodoin Entdecken Sie das ultimative Outdoor-Abenteuer bei Ausr\u00fcster Jodoin. Planen Sie den Aktivurlaub Ihrer [&hellip;]","og_url":"https:\/\/pourvoiriejodoin.com\/de\/","og_site_name":"Pourvoirie Jodoin","article_publisher":"https:\/\/www.facebook.com\/Pourvoiriejodoin\/","article_modified_time":"2026-01-14T12:33:49+00:00","og_image":[{"url":"https:\/\/pourvoiriejodoin.com\/wp-content\/uploads\/2025\/07\/cercle_titre.png","type":"","width":"","height":""}],"twitter_card":"summary_large_image","twitter_misc":{"Gesch\u00e4tzte Lesezeit":"3\u00a0Minuten"},"schema":{"@context":"https:\/\/schema.org","@graph":[{"@type":"WebPage","@id":"https:\/\/pourvoiriejodoin.com\/de\/","url":"https:\/\/pourvoiriejodoin.com\/de\/","name":"Willkommen - Pourvoirie Jodoin","isPartOf":{"@id":"https:\/\/pourvoiriejodoin.com\/de\/#website"},"primaryImageOfPage":{"@id":"https:\/\/pourvoiriejodoin.com\/de\/#primaryimage"},"image":{"@id":"https:\/\/pourvoiriejodoin.com\/de\/#primaryimage"},"thumbnailUrl":"https:\/\/pourvoiriejodoin.com\/wp-content\/uploads\/2025\/07\/cercle_titre.png","datePublished":"2025-07-10T10:47:44+00:00","dateModified":"2026-01-14T12:33:49+00:00","breadcrumb":{"@id":"https:\/\/pourvoiriejodoin.com\/de\/#breadcrumb"},"inLanguage":"de","potentialAction":[{"@type":"ReadAction","target":["https:\/\/pourvoiriejodoin.com\/de\/"]}]},{"@type":"ImageObject","inLanguage":"de","@id":"https:\/\/pourvoiriejodoin.com\/de\/#primaryimage","url":"https:\/\/pourvoiriejodoin.com\/wp-content\/uploads\/2025\/07\/cercle_titre.png","contentUrl":"https:\/\/pourvoiriejodoin.com\/wp-content\/uploads\/2025\/07\/cercle_titre.png"},{"@type":"BreadcrumbList","@id":"https:\/\/pourvoiriejodoin.com\/de\/#breadcrumb","itemListElement":[{"@type":"ListItem","position":1,"name":"Home","item":"https:\/\/pourvoiriejodoin.com\/de\/?lang=de"},{"@type":"ListItem","position":2,"name":"Willkommen"}]},{"@type":"WebSite","@id":"https:\/\/pourvoiriejodoin.com\/de\/#website","url":"https:\/\/pourvoiriejodoin.com\/de\/","name":"Pourvoirie Jodoin","description":"","publisher":{"@id":"https:\/\/pourvoiriejodoin.com\/de\/#organization"},"potentialAction":[{"@type":"SearchAction","target":{"@type":"EntryPoint","urlTemplate":"https:\/\/pourvoiriejodoin.com\/de\/?s={search_term_string}"},"query-input":{"@type":"PropertyValueSpecification","valueRequired":true,"valueName":"search_term_string"}}],"inLanguage":"de"},{"@type":"Organization","@id":"https:\/\/pourvoiriejodoin.com\/de\/#organization","name":"Pourvoirie Jodoin","url":"https:\/\/pourvoiriejodoin.com\/de\/","logo":{"@type":"ImageObject","inLanguage":"de","@id":"https:\/\/pourvoiriejodoin.com\/de\/#\/schema\/logo\/image\/","url":"https:\/\/pourvoiriejodoin.com\/wp-content\/uploads\/2025\/07\/imgi_7_logo_jodoin_footer.png","contentUrl":"https:\/\/pourvoiriejodoin.com\/wp-content\/uploads\/2025\/07\/imgi_7_logo_jodoin_footer.png","width":207,"height":200,"caption":"Pourvoirie Jodoin"},"image":{"@id":"https:\/\/pourvoiriejodoin.com\/de\/#\/schema\/logo\/image\/"},"sameAs":["https:\/\/www.facebook.com\/Pourvoiriejodoin\/"]}]}},"_links":{"self":[{"href":"https:\/\/pourvoiriejodoin.com\/de\/wp-json\/wp\/v2\/pages\/2388","targetHints":{"allow":["GET"]}}],"collection":[{"href":"https:\/\/pourvoiriejodoin.com\/de\/wp-json\/wp\/v2\/pages"}],"about":[{"href":"https:\/\/pourvoiriejodoin.com\/de\/wp-json\/wp\/v2\/types\/page"}],"author":[{"embeddable":true,"href":"https:\/\/pourvoiriejodoin.com\/de\/wp-json\/wp\/v2\/users\/4"}],"replies":[{"embeddable":true,"href":"https:\/\/pourvoiriejodoin.com\/de\/wp-json\/wp\/v2\/comments?post=2388"}],"version-history":[{"count":14,"href":"https:\/\/pourvoiriejodoin.com\/de\/wp-json\/wp\/v2\/pages\/2388\/revisions"}],"predecessor-version":[{"id":8933,"href":"https:\/\/pourvoiriejodoin.com\/de\/wp-json\/wp\/v2\/pages\/2388\/revisions\/8933"}],"wp:attachment":[{"href":"https:\/\/pourvoiriejodoin.com\/de\/wp-json\/wp\/v2\/media?parent=2388"}],"curies":[{"name":"wp","href":"https:\/\/api.w.org\/{rel}","templated":true}]}}